{"id":14798,"date":"2022-02-02T16:32:28","date_gmt":"2022-02-02T15:32:28","guid":{"rendered":"https:\/\/www.amtgroup.nl\/unimog-2\/"},"modified":"2025-12-03T13:24:42","modified_gmt":"2025-12-03T12:24:42","slug":"unimog-rangierer","status":"publish","type":"page","link":"https:\/\/www.amtgroup.nl\/de\/railroad\/unimog-rangierer\/","title":{"rendered":"Unimog-Rangierer"},"content":{"rendered":"<div class=\"fusion-fullwidth fullwidth-box fusion-builder-row-1 fusion-flex-container has-pattern-background has-mask-background hundred-percent-fullwidth non-hundred-percent-height-scrolling\" style=\"--awb-background-position:left top;--awb-border-sizes-top:0px;--awb-border-sizes-bottom:0px;--awb-border-sizes-left:0px;--awb-border-sizes-right:0px;--awb-border-radius-top-left:0px;--awb-border-radius-top-right:0px;--awb-border-radius-bottom-right:0px;--awb-border-radius-bottom-left:0px;--awb-padding-top:60px;--awb-padding-right:10%;--awb-padding-bottom:20px;--awb-padding-left:10%;--awb-padding-top-medium:70px;--awb-padding-bottom-medium:82px;--awb-flex-wrap:wrap;\" ><div class=\"fusion-builder-row fusion-row fusion-flex-align-items-flex-start fusion-flex-content-wrap\" style=\"width:104% !important;max-width:104% !important;margin-left: calc(-4% \/ 2 );margin-right: calc(-4% \/ 2 );\"><div class=\"fusion-layout-column fusion_builder_column fusion-builder-column-0 fusion_builder_column_1_2 1_2 fusion-flex-column\" style=\"--awb-bg-size:cover;--awb-width-large:50%;--awb-margin-top-large:0px;--awb-spacing-right-large:3.84%;--awb-margin-bottom-large:0px;--awb-spacing-left-large:3.84%;--awb-width-medium:100%;--awb-order-medium:0;--awb-spacing-right-medium:1.92%;--awb-spacing-left-medium:1.92%;--awb-width-small:100%;--awb-order-small:0;--awb-spacing-right-small:1.92%;--awb-spacing-left-small:1.92%;\" data-scroll-devices=\"small-visibility,medium-visibility,large-visibility\"><div class=\"fusion-column-wrapper fusion-column-has-shadow fusion-flex-justify-content-flex-start fusion-content-layout-column\"><nav class=\"fusion-breadcrumbs awb-yoast-breadcrumbs fusion-breadcrumbs-1\" style=\"--awb-margin-bottom:30px;--awb-alignment:left;--awb-font-size:15px;--awb-text-color:var(--awb-custom_color_1);--awb-breadcrumb-sep:&#039;&gt;&#039;;text-align:left;\" aria-label=\"Breadcrumb\"><span><span><a href=\"https:\/\/www.amtgroup.nl\/de\/zuhause\/\">Home<\/a><\/span><\/span><\/nav><\/div><\/div><div class=\"fusion-layout-column fusion_builder_column fusion-builder-column-1 fusion_builder_column_1_2 1_2 fusion-flex-column\" style=\"--awb-bg-size:cover;--awb-width-large:50%;--awb-margin-top-large:0px;--awb-spacing-right-large:3.84%;--awb-margin-bottom-large:0px;--awb-spacing-left-large:3.84%;--awb-width-medium:100%;--awb-order-medium:0;--awb-spacing-right-medium:1.92%;--awb-spacing-left-medium:1.92%;--awb-width-small:100%;--awb-order-small:0;--awb-spacing-right-small:1.92%;--awb-spacing-left-small:1.92%;\"><div class=\"fusion-column-wrapper fusion-column-has-shadow fusion-flex-justify-content-flex-start fusion-content-layout-column\"><div class=\"fusion-title title fusion-title-1 fusion-sep-none fusion-title-text fusion-title-size-two\" style=\"--awb-margin-bottom:15px;--awb-margin-top-small:0px;--awb-margin-right-small:0px;--awb-margin-bottom-small:20px;--awb-margin-left-small:0px;\"><h2 class=\"fusion-title-heading title-heading-left\" style=\"margin:0;\">UNIMOG SHUNTER<\/h2><\/div><\/div><\/div><div class=\"fusion-layout-column fusion_builder_column fusion-builder-column-2 fusion_builder_column_1_2 1_2 fusion-flex-column fusion-flex-align-self-flex-start\" style=\"--awb-padding-top:0%;--awb-padding-right:4%;--awb-padding-bottom:0%;--awb-bg-size:cover;--awb-width-large:50%;--awb-margin-top-large:0px;--awb-spacing-right-large:3.84%;--awb-margin-bottom-large:0px;--awb-spacing-left-large:3.84%;--awb-width-medium:100%;--awb-order-medium:0;--awb-spacing-right-medium:1.92%;--awb-spacing-left-medium:1.92%;--awb-width-small:100%;--awb-order-small:0;--awb-spacing-right-small:1.92%;--awb-spacing-left-small:1.92%;\" data-scroll-devices=\"small-visibility,medium-visibility,large-visibility\"><div class=\"fusion-column-wrapper fusion-column-has-shadow fusion-flex-justify-content-flex-start fusion-content-layout-column\"><div class=\"fusion-text fusion-text-1\"><div class=\"wonderplugingallery-container\" id=\"wonderplugingallery-container-18\" style=\"max-width:780px;margin:0 auto;\"><div class=\"wonderplugingallery\" id=\"wonderplugingallery-18\" data-galleryid=\"18\" data-width=\"780\" data-height=\"520\" data-skin=\"light\" data-playsinline=\"false\" data-mutevideo=\"true\" data-random=\"false\" data-autoslide=\"false\" data-autoplayvideo=\"true\" data-schemamarkup=\"false\" data-stopallplaying=\"false\" data-reloadonvideoend=\"false\" data-donotuseposter=\"false\" data-enabletabindex=\"false\" data-loadnextonvideoend=\"false\" data-hidetitlewhenvideoisplaying=\"false\" data-disablehovereventontouch=\"false\" data-autoslideandplayafterfirstplayed=\"false\" data-html5player=\"true\" data-responsive=\"true\" data-fullwidth=\"false\" data-showtitle=\"true\" data-showdescription=\"true\" data-showplaybutton=\"true\" data-showfullscreenbutton=\"true\" data-showtimer=\"true\" data-showcarousel=\"true\" data-galleryshadow=\"false\" data-slideshadow=\"false\" data-thumbshowtitle=\"false\" data-thumbshowimage=\"true\" data-thumbshadow=\"false\" data-lightboxshowtitle=\"true\" data-lightboxshowdescription=\"true\" data-specifyid=\"true\" data-donotinit=\"false\" data-addinitscript=\"false\" data-triggerresize=\"false\" data-thumbcolumnsresponsive=\"false\" data-thumbverticalmiddle=\"true\" data-removeinlinecss=\"true\" data-switchonmouseover=\"false\" data-showcategory=\"true\" data-carouselpagination=\"false\" data-showimgtitle=\"false\" data-titlesmallscreen=\"false\" data-initsocial=\"true\" data-showsocial=\"false\" data-showemail=\"false\" data-showfacebook=\"true\" data-showtwitter=\"true\" data-showpinterest=\"true\" data-socialrotateeffect=\"true\" data-doshortcodeontext=\"false\" data-loop=\"0\" data-duration=\"1500\" data-slideduration=\"1000\" data-slideshowinterval=\"6000\" data-googleanalyticsaccount=\"\" data-ga4account=\"\" data-resizemode=\"fill\" data-imagetoolboxmode=\"mouseover\" data-effect=\"fade\" data-padding=\"0\" data-bgcolor=\"\" data-bgimage=\"\" data-thumbwidth=\"48\" data-thumbheight=\"48\" data-thumbgap=\"8\" data-thumbrowgap=\"16\" data-lightboxtextheight=\"72\" data-lightboxtitlecss=\"{color:#333333; font:bold 12px Arial,Helvetica,sans-serif; overflow:hidden; white-space:normal; line-height:18px;}\" data-lightboxdescriptioncss=\"{color:#333333; font:normal 12px Arial,Helvetica,sans-serif; overflow:hidden; white-space:normal; line-height:14px;}\" data-titlecss=\"{color:#ffffff; font-size:14px; font-family:Armata, sans-serif, Arial; overflow:hidden; white-space:normal; text-align:left; padding:10px 0px 10px 10px;  background:rgb(102, 102, 102) transparent; background:rgba(102, 102, 102, 0.6);}\" data-descriptioncss=\"{color:#ffffff; font-size:12px; font-family:Armata, sans-serif, Arial; overflow:hidden; white-space:normal; text-align:left; padding:0px 0px 10px 10px;  background:rgb(102, 102, 102) transparent; background:rgba(102, 102, 102, 0.6);}\" data-titleheight=\"72\" data-titlesmallscreenwidth=\"640\" data-titleheightsmallscreen=\"148\" data-socialmode=\"mouseover\" data-socialposition=\"position:absolute;top:8px;right:8px;\" data-socialpositionlightbox=\"position:absolute;top:8px;right:8px;\" data-socialdirection=\"horizontal\" data-socialbuttonsize=\"32\" data-socialbuttonfontsize=\"18\" data-defaultvideovolume=\"1\" data-thumbtitleheight=\"24\" data-thumbmediumtitleheight=\"48\" data-thumbsmalltitleheight=\"72\" data-categoryheight=\"48\" data-categorydefault=\"all\" data-triggerresizedelay=\"100\" data-thumbmediumsize=\"800\" data-thumbsmallsize=\"480\" data-thumbmediumwidth=\"64\" data-thumbmediumheight=\"64\" data-thumbsmallwidth=\"48\" data-thumbsmallheight=\"48\" data-imgtitle=\"title\" data-carouselpaginationrow=\"3\" data-categorystyle=\"buttons\" data-categorylist=\"[{&quot;slug&quot;:&quot;all&quot;,&quot;caption&quot;:&quot;Show All&quot;}]\" data-jsfolder=\"https:\/\/www.amtgroup.nl\/wp-content\/plugins\/wonderplugin-gallery\/engine\/\" style=\"display:none;\" ><a class=\"html5galleryimglink\" href=\"https:\/\/www.youtube.com\/embed\/0t5ccv_-8F8?t=3s\" data-poster=\"https:\/\/img.youtube.com\/vi\/0t5ccv_-8F8\/0.jpg\"><img decoding=\"async\" class=\"html5galleryimg html5gallery-tn-image\" src=\"https:\/\/img.youtube.com\/vi\/0t5ccv_-8F8\/0.jpg\" alt=\"\"><\/a><div class=\"html5gallery-info\"><\/div><a class=\"html5galleryimglink\" href=\"https:\/\/www.amtgroup.nl\/wp-content\/uploads\/2024\/11\/unimog-shunter-2-scaled.jpg\" data-mediatype=1><img decoding=\"async\" class=\"html5galleryimg html5gallery-tn-image\" src=\"https:\/\/www.amtgroup.nl\/wp-content\/uploads\/2024\/11\/unimog-shunter-2-150x150.jpg\" alt=\"unimog-shunter-2\"><\/a><div class=\"html5gallery-info\"><div class=\"html5gallery-title\">unimog-shunter-2<\/div><\/div><a class=\"html5galleryimglink\" href=\"https:\/\/www.amtgroup.nl\/wp-content\/uploads\/2024\/11\/unimog-shunter-1-scaled.jpg\" data-mediatype=1><img decoding=\"async\" class=\"html5galleryimg html5gallery-tn-image\" src=\"https:\/\/www.amtgroup.nl\/wp-content\/uploads\/2024\/11\/unimog-shunter-1-150x150.jpg\" alt=\"unimog-shunter-1\"><\/a><div class=\"html5gallery-info\"><div class=\"html5gallery-title\">unimog-shunter-1<\/div><\/div><a class=\"html5galleryimglink\" href=\"https:\/\/www.amtgroup.nl\/wp-content\/uploads\/2022\/01\/unimog-zagro-8-e1739637811859.jpg\" data-mediatype=1><img decoding=\"async\" class=\"html5galleryimg html5gallery-tn-image\" src=\"https:\/\/www.amtgroup.nl\/wp-content\/uploads\/2022\/01\/unimog-zagro-8-e1739637811859-150x150.jpg\" alt=\"UNIMOG ZAGRO\" data-title=\"unimog-zagro-8\"><\/a><div class=\"html5gallery-info\"><div class=\"html5gallery-alt\">UNIMOG ZAGRO<\/div><div class=\"html5gallery-title\">unimog-zagro-8<\/div><\/div><\/div><\/div><script>function wondergallery_18_appendcss(csscode) {var head=document.head || document.getElementsByTagName(\"head\")[0];var style=document.createElement(\"style\");head.appendChild(style);style.type=\"text\/css\";if (style.styleSheet){style.styleSheet.cssText=csscode;} else {style.appendChild(document.createTextNode(csscode));}};wondergallery_18_appendcss(\"#wonderplugingallery-18 .html5gallery-cat-selection-18 { \ttext-align: center; }  #wonderplugingallery-18 .html5gallery-cat-tag-18 { \tdisplay: inline-block; \tborder: none; \tbackground: transparent; \tcolor: #555;   \tpadding: 6px; \tfont-size: 14px; \tfont-weight: normal; \t   \tfont-family: Lucida Sans Unicode,Lucida Grande,sans-serif,Arial;   \tbox-sizing: border-box;    \tcursor: pointer;   \ttext-align: center;   \ttext-decoration: none;   \ttext-shadow: none;   \ttext-transform: none;   \twhite-space: nowrap;   \t-webkit-font-smoothing: antialiased;   \tborder-radius: 2px;   \ttransition: background-color 0.3s ease; }  #wonderplugingallery-18 .html5gallery-cat-tag-18:hover, #wonderplugingallery-18 .html5gallery-cat-tag-18:focus, #wonderplugingallery-18 .html5gallery-cat-tag-selected-18 { \tcolor: #222; }\");<\/script>\n<\/div><div ><a class=\"fusion-button button-flat button-large button-custom fusion-button-default button-1 fusion-button-span-yes fusion-button-default-type\" style=\"--button_accent_color:#ffffff;--button_accent_hover_color:#ffffff;--button_border_hover_color:#ffffff;--button_gradient_top_color:rgba(87,87,86,0.8);--button_gradient_bottom_color:rgba(87,87,86,0.8);--button_gradient_top_color_hover:rgba(87,87,86,0.4);--button_gradient_bottom_color_hover:rgba(87,87,86,0.4);--button_typography-font-family:&quot;Raleway&quot;;--button_typography-font-style:normal;--button_typography-font-weight:900;--button_margin-top:5px;--button_margin-bottom:5px;\" target=\"_blank\" rel=\"noopener noreferrer\" href=\"\/de\/zagro-zweiweg-brochure-nl\/\"><span class=\"fusion-button-text awb-button__text awb-button__text--default\">Download Zagro Brosch\u00fcre<\/span><\/a><\/div><div ><a class=\"fusion-button button-flat button-large button-custom fusion-button-default button-2 fusion-button-span-yes fusion-button-default-type\" style=\"--button_accent_color:#000000;--button_border_color:#000000;--button_accent_hover_color:rgba(0,0,0,0.4);--button_border_hover_color:rgba(0,0,0,0.4);--button_border_width-top:1px;--button_border_width-right:1px;--button_border_width-bottom:1px;--button_border_width-left:1px;--button_gradient_top_color:#fffcfd;--button_gradient_bottom_color:#fffcfd;--button_gradient_top_color_hover:rgba(255,0,0,0);--button_gradient_bottom_color_hover:rgba(255,0,0,0);--button_typography-font-family:&quot;Raleway&quot;;--button_typography-font-style:normal;--button_typography-font-weight:900;\" target=\"_self\" href=\"mailto:info@amtgroup.nl\"><span class=\"fusion-button-text awb-button__text awb-button__text--default\">Informationen anfordern<\/span><\/a><\/div><div ><a class=\"fusion-button button-flat button-large button-custom fusion-button-default button-3 fusion-button-span-yes fusion-button-default-type\" style=\"--button_accent_color:#ffffff;--button_accent_hover_color:#ffffff;--button_border_hover_color:#ffffff;--button_gradient_top_color:rgba(87,87,86,0.8);--button_gradient_bottom_color:rgba(87,87,86,0.8);--button_gradient_top_color_hover:rgba(87,87,86,0.4);--button_gradient_bottom_color_hover:rgba(87,87,86,0.4);--button_typography-font-family:&quot;Raleway&quot;;--button_typography-font-style:normal;--button_typography-font-weight:900;--button_margin-top:5px;--button_margin-bottom:5px;\" target=\"_blank\" rel=\"noopener noreferrer\" href=\"\/de\/2024-sept-railroad-brochure\/\"><span class=\"fusion-button-text awb-button__text awb-button__text--default\">Download Railroad Brosch\u00fcre<\/span><\/a><\/div><\/div><\/div><div class=\"fusion-layout-column fusion_builder_column fusion-builder-column-3 fusion_builder_column_1_2 1_2 fusion-flex-column fusion-flex-align-self-stretch\" style=\"--awb-padding-top-small:5%;--awb-padding-right-small:5%;--awb-padding-bottom-small:5%;--awb-padding-left-small:5%;--awb-bg-size:cover;--awb-width-large:50%;--awb-margin-top-large:0px;--awb-spacing-right-large:3.84%;--awb-margin-bottom-large:0px;--awb-spacing-left-large:3.84%;--awb-width-medium:100%;--awb-order-medium:0;--awb-spacing-right-medium:1.92%;--awb-spacing-left-medium:1.92%;--awb-width-small:100%;--awb-order-small:0;--awb-spacing-right-small:1.92%;--awb-spacing-left-small:1.92%;\" data-scroll-devices=\"small-visibility,medium-visibility,large-visibility\"><div class=\"fusion-column-wrapper fusion-column-has-shadow fusion-flex-justify-content-flex-start fusion-content-layout-column\"><div class=\"fusion-text fusion-text-2 fusion-text-no-margin\" style=\"--awb-font-size:var(--awb-typography4-font-size);--awb-line-height:var(--awb-typography4-line-height);--awb-letter-spacing:var(--awb-typography4-letter-spacing);--awb-text-transform:var(--awb-typography4-text-transform);--awb-margin-bottom:30px;--awb-text-font-family:&quot;Raleway&quot;;--awb-text-font-style:normal;--awb-text-font-weight:300;\"><p>Der UNIMOG ist ein Fahrzeug, dessen Ziel die Vielseitigkeit ist. Sowohl auf der Stra\u00dfe als auch auf Schienen bietet die UNIMOG viele M\u00f6glichkeiten. Diese Plattform, kombiniert mit der Technologie und den Gleisanwendungen von Zagro, f\u00fchrt zu einer Maschine, die speziell an die W\u00fcnsche des Kunden angepasst werden kann. Der UNIMOG kann f\u00fcr Rangier-, Gleis- und Wartungsarbeiten, f\u00fcr die Reinigung von Gleisen und B\u00f6schungen, aber auch zum Aufgleisen und Bergen eingesetzt werden. Je nach Aufgabenstellung gibt es viele Optionen, mit denen der UNIMOG ausgestattet werden kann. Das Fahrzeug kann auf Stra\u00dfenbahnen, U-Bahnen und schweren Schienen eingesetzt werden.<\/p>\n<\/div><div class=\"fusion-text fusion-text-3 fusion-text-no-margin\" style=\"--awb-font-size:var(--awb-typography4-font-size);--awb-line-height:var(--awb-typography4-line-height);--awb-letter-spacing:var(--awb-typography4-letter-spacing);--awb-text-transform:var(--awb-typography4-text-transform);--awb-margin-bottom:0px;--awb-text-font-family:&quot;Raleway&quot;;--awb-text-font-style:normal;--awb-text-font-weight:400;\"><p><strong>Konstruktionsm\u00f6glichkeiten<\/strong><\/p>\n<\/div><div class=\"fusion-text fusion-text-4 fusion-text-no-margin\" style=\"--awb-font-size:var(--awb-typography4-font-size);--awb-line-height:var(--awb-typography4-line-height);--awb-letter-spacing:var(--awb-typography4-letter-spacing);--awb-text-transform:var(--awb-typography4-text-transform);--awb-margin-bottom:30px;--awb-text-font-family:&quot;Raleway&quot;;--awb-text-font-style:normal;--awb-text-font-weight:300;\"><p>Da der UNIMOG f\u00fcr mehrere Zwecke eingesetzt werden kann, gibt es eine breite Palette von Aufbaum\u00f6glichkeiten: &#8211; Kran- und Arbeitsschaufelaufbau &#8211; Gr\u00fcnpflege wie M\u00e4hen &#8211; Staubbek\u00e4mpfung &#8211; Kehrmaschinen &#8211; Winterdienstausr\u00fcstung mit Schneepflug &#8211; Geschlossener Aufbau mit Stauraum f\u00fcr Not- und Katastrophenausr\u00fcstung &#8211; Offene Ladebox<\/p>\n<\/div><div class=\"fusion-text fusion-text-5\"><div class=\"row\">\n<h4>Technische Daten:<\/h4>\n<ul>\n<li>UNIMOG U423 &amp; U430<\/li>\n<\/ul>\n<div class=\"column-left\">\nMaximale Anh\u00e4ngelast: Maximale Geschwindigkeit:<\/div>\n<div class=\"column-right\">\n1000T (je nach Steigung, Kurve und \u00dcberh\u00f6hung der Schienen) 40 km\/h ohne Anh\u00e4ngelast und 25 km\/h mit Anh\u00e4ngelast<\/div>\n<div><\/div>\n<div>\n<ul>\n<li>Einachsiger F\u00fchrungsrahmen:<\/li>\n<\/ul>\n<div class=\"column-left\">\n<p>Laufr\u00e4der: Spurbreite: Minimaler Kurvenradius:<\/p>\n<\/div>\n<div class=\"column-right\">\n\u00d8 400 \/ \u00d8136 mm 1435 bis 1676 mm<\/div>\n<p>~ 50 \/ 35 m (je nach Radstand)<\/p>\n<ul>\n<li>Drehgestell-\/Drehgestellschienenf\u00fchrungssystem:<\/li>\n<\/ul>\n<div class=\"column-left\">\n<p>Laufr\u00e4der: Spurbreite: Minimaler Kurvenradius:<\/p>\n<\/div>\n<div class=\"column-right\">\n\u2205 230 mm 1435 bis 1676 mm<\/div>\n<p>~ 17 m (je nach Radstand)<\/p>\n<ul>\n<li>Hohe Reiterin:<\/li>\n<\/ul>\n<div class=\"column-left\">\n<p>Laufr\u00e4der: Spurbreite: Minimaler Kurvenradius:<\/p>\n<\/div>\n<div class=\"column-right\">\n\u2205 400 mm 1000 bis 1435 mm<\/div>\n<p>~ 35 m (je nach Radstand)<\/p>\n<div><\/div>\n<\/div>\n<\/div>\n<\/div><\/div><\/div><\/div><\/div>\n","protected":false},"excerpt":{"rendered":"","protected":false},"author":1,"featured_media":0,"parent":1609,"menu_order":0,"comment_status":"closed","ping_status":"closed","template":"100-width.php","meta":{"footnotes":""},"class_list":["post-14798","page","type-page","status-publish","hentry"],"yoast_head":"<!-- This site is optimized with the Yoast SEO plugin v27.2 - https:\/\/yoast.com\/product\/yoast-seo-wordpress\/ -->\n<title>Unimog-Rangierer - Fahrende Lokomotiven und Waggons - AMT Group<\/title>\n<meta name=\"description\" content=\"Der UNIMOG ist ein Fahrzeug, dessen Ziel die Vielseitigkeit ist. Sowohl auf der Stra\u00dfe als auch auf Schienen bietet die UNIMOG viele M\u00f6glichkeiten.\" \/>\n<meta name=\"robots\" content=\"index, follow, max-snippet:-1, max-image-preview:large, max-video-preview:-1\" \/>\n<link rel=\"canonical\" href=\"https:\/\/www.amtgroup.nl\/de\/railroad\/unimog-rangierer\/\" \/>\n<meta property=\"og:locale\" content=\"de_DE\" \/>\n<meta property=\"og:type\" content=\"article\" \/>\n<meta property=\"og:title\" content=\"Unimog-Rangierer - Fahrende Lokomotiven und Waggons - AMT Group\" \/>\n<meta property=\"og:description\" content=\"Der UNIMOG ist ein Fahrzeug, dessen Ziel die Vielseitigkeit ist. Sowohl auf der Stra\u00dfe als auch auf Schienen bietet die UNIMOG viele M\u00f6glichkeiten.\" \/>\n<meta property=\"og:url\" content=\"https:\/\/www.amtgroup.nl\/de\/railroad\/unimog-rangierer\/\" \/>\n<meta property=\"og:site_name\" content=\"AMT Group\" \/>\n<meta property=\"article:publisher\" content=\"https:\/\/www.facebook.com\/amtgroup.nl\/\" \/>\n<meta property=\"article:modified_time\" content=\"2025-12-03T12:24:42+00:00\" \/>\n<meta name=\"twitter:card\" content=\"summary_large_image\" \/>\n<meta name=\"twitter:label1\" content=\"Gesch\u00e4tzte Lesezeit\" \/>\n\t<meta name=\"twitter:data1\" content=\"18\u00a0Minuten\" \/>\n<script type=\"application\/ld+json\" class=\"yoast-schema-graph\">{\"@context\":\"https:\/\/schema.org\",\"@graph\":[{\"@type\":\"WebPage\",\"@id\":\"https:\/\/www.amtgroup.nl\/de\/railroad\/unimog-rangierer\/\",\"url\":\"https:\/\/www.amtgroup.nl\/de\/railroad\/unimog-rangierer\/\",\"name\":\"Unimog-Rangierer - Fahrende Lokomotiven und Waggons - AMT Group\",\"isPartOf\":{\"@id\":\"https:\/\/www.amtgroup.nl\/de\/#website\"},\"datePublished\":\"2022-02-02T15:32:28+00:00\",\"dateModified\":\"2025-12-03T12:24:42+00:00\",\"description\":\"Der UNIMOG ist ein Fahrzeug, dessen Ziel die Vielseitigkeit ist. Sowohl auf der Stra\u00dfe als auch auf Schienen bietet die UNIMOG viele M\u00f6glichkeiten.\",\"breadcrumb\":{\"@id\":\"https:\/\/www.amtgroup.nl\/de\/railroad\/unimog-rangierer\/#breadcrumb\"},\"inLanguage\":\"de\",\"potentialAction\":[{\"@type\":\"ReadAction\",\"target\":[\"https:\/\/www.amtgroup.nl\/de\/railroad\/unimog-rangierer\/\"]}]},{\"@type\":\"BreadcrumbList\",\"@id\":\"https:\/\/www.amtgroup.nl\/de\/railroad\/unimog-rangierer\/#breadcrumb\",\"itemListElement\":[{\"@type\":\"ListItem\",\"position\":1,\"name\":\"Home\",\"item\":\"https:\/\/www.amtgroup.nl\/de\/zuhause\/\"},{\"@type\":\"ListItem\",\"position\":2,\"name\":\"Railroad\",\"item\":\"https:\/\/www.amtgroup.nl\/de\/railroad\/\"},{\"@type\":\"ListItem\",\"position\":3,\"name\":\"Unimog-Rangierer\"}]},{\"@type\":\"WebSite\",\"@id\":\"https:\/\/www.amtgroup.nl\/de\/#website\",\"url\":\"https:\/\/www.amtgroup.nl\/de\/\",\"name\":\"AMT Group\",\"description\":\"Een modern productiebedrijf\",\"potentialAction\":[{\"@type\":\"SearchAction\",\"target\":{\"@type\":\"EntryPoint\",\"urlTemplate\":\"https:\/\/www.amtgroup.nl\/de\/?s={search_term_string}\"},\"query-input\":{\"@type\":\"PropertyValueSpecification\",\"valueRequired\":true,\"valueName\":\"search_term_string\"}}],\"inLanguage\":\"de\"}]}<\/script>\n<!-- \/ Yoast SEO plugin. -->","yoast_head_json":{"title":"Unimog-Rangierer - Fahrende Lokomotiven und Waggons - AMT Group","description":"Der UNIMOG ist ein Fahrzeug, dessen Ziel die Vielseitigkeit ist. Sowohl auf der Stra\u00dfe als auch auf Schienen bietet die UNIMOG viele M\u00f6glichkeiten.","robots":{"index":"index","follow":"follow","max-snippet":"max-snippet:-1","max-image-preview":"max-image-preview:large","max-video-preview":"max-video-preview:-1"},"canonical":"https:\/\/www.amtgroup.nl\/de\/railroad\/unimog-rangierer\/","og_locale":"de_DE","og_type":"article","og_title":"Unimog-Rangierer - Fahrende Lokomotiven und Waggons - AMT Group","og_description":"Der UNIMOG ist ein Fahrzeug, dessen Ziel die Vielseitigkeit ist. Sowohl auf der Stra\u00dfe als auch auf Schienen bietet die UNIMOG viele M\u00f6glichkeiten.","og_url":"https:\/\/www.amtgroup.nl\/de\/railroad\/unimog-rangierer\/","og_site_name":"AMT Group","article_publisher":"https:\/\/www.facebook.com\/amtgroup.nl\/","article_modified_time":"2025-12-03T12:24:42+00:00","twitter_card":"summary_large_image","twitter_misc":{"Gesch\u00e4tzte Lesezeit":"18\u00a0Minuten"},"schema":{"@context":"https:\/\/schema.org","@graph":[{"@type":"WebPage","@id":"https:\/\/www.amtgroup.nl\/de\/railroad\/unimog-rangierer\/","url":"https:\/\/www.amtgroup.nl\/de\/railroad\/unimog-rangierer\/","name":"Unimog-Rangierer - Fahrende Lokomotiven und Waggons - AMT Group","isPartOf":{"@id":"https:\/\/www.amtgroup.nl\/de\/#website"},"datePublished":"2022-02-02T15:32:28+00:00","dateModified":"2025-12-03T12:24:42+00:00","description":"Der UNIMOG ist ein Fahrzeug, dessen Ziel die Vielseitigkeit ist. Sowohl auf der Stra\u00dfe als auch auf Schienen bietet die UNIMOG viele M\u00f6glichkeiten.","breadcrumb":{"@id":"https:\/\/www.amtgroup.nl\/de\/railroad\/unimog-rangierer\/#breadcrumb"},"inLanguage":"de","potentialAction":[{"@type":"ReadAction","target":["https:\/\/www.amtgroup.nl\/de\/railroad\/unimog-rangierer\/"]}]},{"@type":"BreadcrumbList","@id":"https:\/\/www.amtgroup.nl\/de\/railroad\/unimog-rangierer\/#breadcrumb","itemListElement":[{"@type":"ListItem","position":1,"name":"Home","item":"https:\/\/www.amtgroup.nl\/de\/zuhause\/"},{"@type":"ListItem","position":2,"name":"Railroad","item":"https:\/\/www.amtgroup.nl\/de\/railroad\/"},{"@type":"ListItem","position":3,"name":"Unimog-Rangierer"}]},{"@type":"WebSite","@id":"https:\/\/www.amtgroup.nl\/de\/#website","url":"https:\/\/www.amtgroup.nl\/de\/","name":"AMT Group","description":"Een modern productiebedrijf","potentialAction":[{"@type":"SearchAction","target":{"@type":"EntryPoint","urlTemplate":"https:\/\/www.amtgroup.nl\/de\/?s={search_term_string}"},"query-input":{"@type":"PropertyValueSpecification","valueRequired":true,"valueName":"search_term_string"}}],"inLanguage":"de"}]}},"_links":{"self":[{"href":"https:\/\/www.amtgroup.nl\/de\/wp-json\/wp\/v2\/pages\/14798","targetHints":{"allow":["GET"]}}],"collection":[{"href":"https:\/\/www.amtgroup.nl\/de\/wp-json\/wp\/v2\/pages"}],"about":[{"href":"https:\/\/www.amtgroup.nl\/de\/wp-json\/wp\/v2\/types\/page"}],"author":[{"embeddable":true,"href":"https:\/\/www.amtgroup.nl\/de\/wp-json\/wp\/v2\/users\/1"}],"replies":[{"embeddable":true,"href":"https:\/\/www.amtgroup.nl\/de\/wp-json\/wp\/v2\/comments?post=14798"}],"version-history":[{"count":5,"href":"https:\/\/www.amtgroup.nl\/de\/wp-json\/wp\/v2\/pages\/14798\/revisions"}],"predecessor-version":[{"id":29732,"href":"https:\/\/www.amtgroup.nl\/de\/wp-json\/wp\/v2\/pages\/14798\/revisions\/29732"}],"up":[{"embeddable":true,"href":"https:\/\/www.amtgroup.nl\/de\/wp-json\/wp\/v2\/pages\/1609"}],"wp:attachment":[{"href":"https:\/\/www.amtgroup.nl\/de\/wp-json\/wp\/v2\/media?parent=14798"}],"curies":[{"name":"wp","href":"https:\/\/api.w.org\/{rel}","templated":true}]}}