{"id":20254,"date":"2024-02-07T10:45:43","date_gmt":"2024-02-07T09:45:43","guid":{"rendered":"https:\/\/www.amtgroup.nl\/produkte\/dienstfahrzeuge\/"},"modified":"2025-12-03T13:12:21","modified_gmt":"2025-12-03T12:12:21","slug":"dienstfahrzeuge","status":"publish","type":"page","link":"https:\/\/www.amtgroup.nl\/de\/railroad\/dienstfahrzeuge\/","title":{"rendered":"Dienstfahrzeuge"},"content":{"rendered":"<div class=\"fusion-fullwidth fullwidth-box fusion-builder-row-1 fusion-flex-container has-pattern-background has-mask-background hundred-percent-fullwidth non-hundred-percent-height-scrolling\" style=\"--awb-background-position:left top;--awb-border-sizes-top:0px;--awb-border-sizes-bottom:0px;--awb-border-sizes-left:0px;--awb-border-sizes-right:0px;--awb-border-radius-top-left:0px;--awb-border-radius-top-right:0px;--awb-border-radius-bottom-right:0px;--awb-border-radius-bottom-left:0px;--awb-padding-top:60px;--awb-padding-right:10%;--awb-padding-bottom:20px;--awb-padding-left:10%;--awb-padding-top-medium:70px;--awb-padding-bottom-medium:82px;--awb-flex-wrap:wrap;\" ><div class=\"fusion-builder-row fusion-row fusion-flex-align-items-flex-start fusion-flex-content-wrap\" style=\"width:104% !important;max-width:104% !important;margin-left: calc(-4% \/ 2 );margin-right: calc(-4% \/ 2 );\"><div class=\"fusion-layout-column fusion_builder_column fusion-builder-column-0 fusion_builder_column_1_2 1_2 fusion-flex-column\" style=\"--awb-bg-size:cover;--awb-width-large:50%;--awb-margin-top-large:0px;--awb-spacing-right-large:3.84%;--awb-margin-bottom-large:0px;--awb-spacing-left-large:3.84%;--awb-width-medium:100%;--awb-order-medium:0;--awb-spacing-right-medium:1.92%;--awb-spacing-left-medium:1.92%;--awb-width-small:100%;--awb-order-small:0;--awb-spacing-right-small:1.92%;--awb-spacing-left-small:1.92%;\" data-scroll-devices=\"small-visibility,medium-visibility,large-visibility\"><div class=\"fusion-column-wrapper fusion-column-has-shadow fusion-flex-justify-content-flex-start fusion-content-layout-column\"><nav class=\"fusion-breadcrumbs awb-yoast-breadcrumbs fusion-breadcrumbs-1\" style=\"--awb-margin-bottom:30px;--awb-alignment:left;--awb-font-size:15px;--awb-text-color:var(--awb-custom_color_1);--awb-breadcrumb-sep:&#039;&gt;&#039;;text-align:left;\" aria-label=\"Breadcrumb\"><span><span><a href=\"https:\/\/www.amtgroup.nl\/de\/zuhause\/\">Home<\/a><\/span><\/span><\/nav><\/div><\/div><div class=\"fusion-layout-column fusion_builder_column fusion-builder-column-1 fusion_builder_column_1_2 1_2 fusion-flex-column\" style=\"--awb-bg-size:cover;--awb-width-large:50%;--awb-margin-top-large:0px;--awb-spacing-right-large:3.84%;--awb-margin-bottom-large:0px;--awb-spacing-left-large:3.84%;--awb-width-medium:100%;--awb-order-medium:0;--awb-spacing-right-medium:1.92%;--awb-spacing-left-medium:1.92%;--awb-width-small:100%;--awb-order-small:0;--awb-spacing-right-small:1.92%;--awb-spacing-left-small:1.92%;\"><div class=\"fusion-column-wrapper fusion-column-has-shadow fusion-flex-justify-content-flex-start fusion-content-layout-column\"><div class=\"fusion-title title fusion-title-1 fusion-sep-none fusion-title-text fusion-title-size-one\" style=\"--awb-margin-bottom:15px;--awb-margin-top-small:0px;--awb-margin-right-small:0px;--awb-margin-bottom-small:20px;--awb-margin-left-small:0px;\"><h1 class=\"fusion-title-heading title-heading-left\" style=\"margin:0;\">DIENSTFAHRZEUGE<\/h1><\/div><\/div><\/div><div class=\"fusion-layout-column fusion_builder_column fusion-builder-column-2 fusion_builder_column_1_2 1_2 fusion-flex-column fusion-flex-align-self-flex-start\" style=\"--awb-padding-top:0%;--awb-padding-right:4%;--awb-padding-bottom:0%;--awb-bg-size:cover;--awb-width-large:50%;--awb-margin-top-large:0px;--awb-spacing-right-large:3.84%;--awb-margin-bottom-large:0px;--awb-spacing-left-large:3.84%;--awb-width-medium:100%;--awb-order-medium:0;--awb-spacing-right-medium:1.92%;--awb-spacing-left-medium:1.92%;--awb-width-small:100%;--awb-order-small:0;--awb-spacing-right-small:1.92%;--awb-spacing-left-small:1.92%;\" data-scroll-devices=\"small-visibility,medium-visibility,large-visibility\"><div class=\"fusion-column-wrapper fusion-column-has-shadow fusion-flex-justify-content-flex-start fusion-content-layout-column\"><div class=\"fusion-text fusion-text-1\"><div class=\"wonderplugingallery-container\" id=\"wonderplugingallery-container-11\" style=\"max-width:780px;margin:0 auto;\"><div class=\"wonderplugingallery\" id=\"wonderplugingallery-11\" data-galleryid=\"11\" data-width=\"780\" data-height=\"520\" data-skin=\"light\" data-playsinline=\"false\" data-mutevideo=\"false\" data-random=\"false\" data-autoslide=\"false\" data-autoplayvideo=\"false\" data-schemamarkup=\"false\" data-stopallplaying=\"false\" data-reloadonvideoend=\"false\" data-donotuseposter=\"false\" data-enabletabindex=\"false\" data-loadnextonvideoend=\"false\" data-hidetitlewhenvideoisplaying=\"false\" data-disablehovereventontouch=\"false\" data-autoslideandplayafterfirstplayed=\"false\" data-html5player=\"true\" data-responsive=\"true\" data-fullwidth=\"false\" data-showtitle=\"true\" data-showdescription=\"true\" data-showplaybutton=\"true\" data-showfullscreenbutton=\"true\" data-showtimer=\"true\" data-showcarousel=\"true\" data-galleryshadow=\"false\" data-slideshadow=\"false\" data-thumbshowtitle=\"false\" data-thumbshowimage=\"true\" data-thumbshadow=\"false\" data-lightboxshowtitle=\"true\" data-lightboxshowdescription=\"true\" data-specifyid=\"true\" data-donotinit=\"false\" data-addinitscript=\"false\" data-triggerresize=\"false\" data-thumbcolumnsresponsive=\"false\" data-thumbverticalmiddle=\"true\" data-removeinlinecss=\"true\" data-switchonmouseover=\"false\" data-showcategory=\"true\" data-carouselpagination=\"false\" data-showimgtitle=\"false\" data-titlesmallscreen=\"false\" data-initsocial=\"true\" data-showsocial=\"false\" data-showemail=\"false\" data-showfacebook=\"true\" data-showtwitter=\"true\" data-showpinterest=\"true\" data-socialrotateeffect=\"true\" data-doshortcodeontext=\"false\" data-loop=\"0\" data-duration=\"1500\" data-slideduration=\"1000\" data-slideshowinterval=\"6000\" data-googleanalyticsaccount=\"\" data-ga4account=\"\" data-resizemode=\"fill\" data-imagetoolboxmode=\"mouseover\" data-effect=\"fade\" data-padding=\"0\" data-bgcolor=\"\" data-bgimage=\"\" data-thumbwidth=\"48\" data-thumbheight=\"48\" data-thumbgap=\"8\" data-thumbrowgap=\"16\" data-lightboxtextheight=\"72\" data-lightboxtitlecss=\"{color:#333333; font:bold 12px Arial,Helvetica,sans-serif; overflow:hidden; white-space:normal; line-height:18px;}\" data-lightboxdescriptioncss=\"{color:#333333; font:normal 12px Arial,Helvetica,sans-serif; overflow:hidden; white-space:normal; line-height:14px;}\" data-titlecss=\"{color:#ffffff; font-size:14px; font-family:Armata, sans-serif, Arial; overflow:hidden; white-space:normal; text-align:left; padding:10px 0px 10px 10px;  background:rgb(102, 102, 102) transparent; background:rgba(102, 102, 102, 0.6);}\" data-descriptioncss=\"{color:#ffffff; font-size:12px; font-family:Armata, sans-serif, Arial; overflow:hidden; white-space:normal; text-align:left; padding:0px 0px 10px 10px;  background:rgb(102, 102, 102) transparent; background:rgba(102, 102, 102, 0.6);}\" data-titleheight=\"72\" data-titlesmallscreenwidth=\"640\" data-titleheightsmallscreen=\"148\" data-socialmode=\"mouseover\" data-socialposition=\"position:absolute;top:8px;right:8px;\" data-socialpositionlightbox=\"position:absolute;top:8px;right:8px;\" data-socialdirection=\"horizontal\" data-socialbuttonsize=\"32\" data-socialbuttonfontsize=\"18\" data-defaultvideovolume=\"1\" data-thumbtitleheight=\"24\" data-thumbmediumtitleheight=\"48\" data-thumbsmalltitleheight=\"72\" data-categoryheight=\"48\" data-categorydefault=\"all\" data-triggerresizedelay=\"100\" data-thumbmediumsize=\"800\" data-thumbsmallsize=\"480\" data-thumbmediumwidth=\"64\" data-thumbmediumheight=\"64\" data-thumbsmallwidth=\"48\" data-thumbsmallheight=\"48\" data-imgtitle=\"title\" data-carouselpaginationrow=\"3\" data-categorystyle=\"buttons\" data-categorylist=\"[{&quot;slug&quot;:&quot;all&quot;,&quot;caption&quot;:&quot;Show All&quot;}]\" data-jsfolder=\"https:\/\/www.amtgroup.nl\/wp-content\/plugins\/wonderplugin-gallery\/engine\/\" style=\"display:none;\" ><a class=\"html5galleryimglink\" href=\"https:\/\/www.amtgroup.nl\/wp-content\/uploads\/2023\/12\/zweiweg-vrachtwagen-2.jpg\" data-mediatype=1><img decoding=\"async\" class=\"html5galleryimg html5gallery-tn-image\" src=\"https:\/\/www.amtgroup.nl\/wp-content\/uploads\/2023\/12\/zweiweg-vrachtwagen-2-150x150.jpg\" alt=\"zweiweg-vrachtwagen-2\"><\/a><div class=\"html5gallery-info\"><div class=\"html5gallery-title\">zweiweg-vrachtwagen-2<\/div><\/div><a class=\"html5galleryimglink\" href=\"https:\/\/www.amtgroup.nl\/wp-content\/uploads\/2023\/12\/amt-zweiweg-vrachtwagen-3.jpg\" data-mediatype=1><img decoding=\"async\" class=\"html5galleryimg html5gallery-tn-image\" src=\"https:\/\/www.amtgroup.nl\/wp-content\/uploads\/2023\/12\/amt-zweiweg-vrachtwagen-3-150x150.jpg\" alt=\"amt-zweiweg-vrachtwagen-3\"><\/a><div class=\"html5gallery-info\"><div class=\"html5gallery-title\">amt-zweiweg-vrachtwagen-3<\/div><\/div><a class=\"html5galleryimglink\" href=\"https:\/\/www.amtgroup.nl\/wp-content\/uploads\/2022\/01\/zweiweg-vrachtwagen-1.jpg\" data-mediatype=1><img decoding=\"async\" class=\"html5galleryimg html5gallery-tn-image\" src=\"https:\/\/www.amtgroup.nl\/wp-content\/uploads\/2022\/01\/zweiweg-vrachtwagen-1-150x150.jpg\" alt=\"Zweiweg-LKW\" data-title=\"zweiweg-vrachtwagen-1\"><\/a><div class=\"html5gallery-info\"><div class=\"html5gallery-alt\">Zweiweg-LKW<\/div><div class=\"html5gallery-title\">zweiweg-vrachtwagen-1<\/div><\/div><\/div><\/div><script>function wondergallery_11_appendcss(csscode) {var head=document.head || document.getElementsByTagName(\"head\")[0];var style=document.createElement(\"style\");head.appendChild(style);style.type=\"text\/css\";if (style.styleSheet){style.styleSheet.cssText=csscode;} else {style.appendChild(document.createTextNode(csscode));}};wondergallery_11_appendcss(\"#wonderplugingallery-11 .html5gallery-cat-selection-11 { \ttext-align: center; }  #wonderplugingallery-11 .html5gallery-cat-tag-11 { \tdisplay: inline-block; \tborder: none; \tbackground: transparent; \tcolor: #555;   \tpadding: 6px; \tfont-size: 14px; \tfont-weight: normal; \t   \tfont-family: Lucida Sans Unicode,Lucida Grande,sans-serif,Arial;   \tbox-sizing: border-box;    \tcursor: pointer;   \ttext-align: center;   \ttext-decoration: none;   \ttext-shadow: none;   \ttext-transform: none;   \twhite-space: nowrap;   \t-webkit-font-smoothing: antialiased;   \tborder-radius: 2px;   \ttransition: background-color 0.3s ease; }  #wonderplugingallery-11 .html5gallery-cat-tag-11:hover, #wonderplugingallery-11 .html5gallery-cat-tag-11:focus, #wonderplugingallery-11 .html5gallery-cat-tag-selected-11 { \tcolor: #222; }\");<\/script>\n<\/div><div ><a class=\"fusion-button button-flat button-large button-custom fusion-button-default button-1 fusion-button-span-yes fusion-button-default-type\" style=\"--awb-margin-top:5px;--awb-margin-bottom:5px;--button_accent_color:#ffffff;--button_accent_hover_color:#ffffff;--button_border_hover_color:#ffffff;--button_gradient_top_color:rgba(87,87,86,0.8);--button_gradient_bottom_color:rgba(87,87,86,0.8);--button_gradient_top_color_hover:rgba(87,87,86,0.4);--button_gradient_bottom_color_hover:rgba(87,87,86,0.4);--button_typography-font-family:&quot;Raleway&quot;;--button_typography-font-style:normal;--button_typography-font-weight:900;\" target=\"_blank\" rel=\"noopener noreferrer\" href=\"\/de\/zagro-zweiweg-brochure-nl\/\"><span class=\"fusion-button-text awb-button__text awb-button__text--default\">Download Zagro Brosch\u00fcre<\/span><\/a><\/div><div ><a class=\"fusion-button button-flat button-large button-custom fusion-button-default button-2 fusion-button-span-yes fusion-button-default-type\" style=\"--button_accent_color:#000000;--button_border_color:#000000;--button_accent_hover_color:rgba(0,0,0,0.4);--button_border_hover_color:rgba(0,0,0,0.4);--button_border_width-top:1px;--button_border_width-right:1px;--button_border_width-bottom:1px;--button_border_width-left:1px;--button_gradient_top_color:#fffcfd;--button_gradient_bottom_color:#fffcfd;--button_gradient_top_color_hover:rgba(255,0,0,0);--button_gradient_bottom_color_hover:rgba(255,0,0,0);--button_typography-font-family:&quot;Raleway&quot;;--button_typography-font-style:normal;--button_typography-font-weight:900;\" target=\"_self\" href=\"mailto:info@amtgroup.nl\"><span class=\"fusion-button-text awb-button__text awb-button__text--default\">Informationen anfordern<\/span><\/a><\/div><div ><a class=\"fusion-button button-flat button-large button-custom fusion-button-default button-3 fusion-button-span-yes fusion-button-default-type\" style=\"--awb-margin-top:5px;--awb-margin-bottom:5px;--button_accent_color:#ffffff;--button_accent_hover_color:#ffffff;--button_border_hover_color:#ffffff;--button_gradient_top_color:rgba(87,87,86,0.8);--button_gradient_bottom_color:rgba(87,87,86,0.8);--button_gradient_top_color_hover:rgba(87,87,86,0.4);--button_gradient_bottom_color_hover:rgba(87,87,86,0.4);--button_typography-font-family:&quot;Raleway&quot;;--button_typography-font-style:normal;--button_typography-font-weight:900;\" target=\"_blank\" rel=\"noopener noreferrer\" href=\"\/de\/2024-sept-railroad-brochure\/\"><span class=\"fusion-button-text awb-button__text awb-button__text--default\">Download Railroad Brosch\u00fcre<\/span><\/a><\/div><\/div><\/div><div class=\"fusion-layout-column fusion_builder_column fusion-builder-column-3 fusion_builder_column_1_2 1_2 fusion-flex-column\" style=\"--awb-bg-size:cover;--awb-width-large:50%;--awb-margin-top-large:0px;--awb-spacing-right-large:3.84%;--awb-margin-bottom-large:0px;--awb-spacing-left-large:3.84%;--awb-width-medium:100%;--awb-order-medium:0;--awb-spacing-right-medium:1.92%;--awb-spacing-left-medium:1.92%;--awb-width-small:100%;--awb-order-small:0;--awb-spacing-right-small:1.92%;--awb-spacing-left-small:1.92%;\"><div class=\"fusion-column-wrapper fusion-column-has-shadow fusion-flex-justify-content-flex-start fusion-content-layout-column\"><div class=\"fusion-text fusion-text-2\"><p>Um die Nutzung des Schienennetzes zu optimieren, ist die Ber\u00fccksichtigung der Gleisverh\u00e4ltnisse von entscheidender Bedeutung. Mit den AMT-ZWEIWEG Fahrzeugen ist es m\u00f6glich, alle notwendigen Ger\u00e4te f\u00fcr Messungen und Wartung in einem Fahrzeug zu transportieren. So kann z.B. der Zustand des Schienennetzes genau kartiert und Schleif- und\/oder Reparaturarbeiten durchgef\u00fchrt werden. F\u00fcr die Stra\u00dfenrandpflege entlang der Schienen k\u00f6nnen zum Beispiel Spr\u00fch- und M\u00e4hger\u00e4te installiert werden. So kann die Umgebung an Stellen gepflegt werden, die andere Fahrzeuge nicht erreichen k\u00f6nnen. Die Fahrzeuge k\u00f6nnen auch mit Gleisschmiersystemen ausgestattet werden, um beispielsweise L\u00e4rmbel\u00e4stigungen zu vermeiden.<\/p>\n<\/div><\/div><\/div><\/div><\/div>\n","protected":false},"excerpt":{"rendered":"","protected":false},"author":1,"featured_media":0,"parent":1609,"menu_order":0,"comment_status":"closed","ping_status":"closed","template":"100-width.php","meta":{"footnotes":""},"class_list":["post-20254","page","type-page","status-publish","hentry"],"yoast_head":"<!-- This site is optimized with the Yoast SEO plugin v27.5 - https:\/\/yoast.com\/product\/yoast-seo-wordpress\/ -->\n<title>Dienstfahrzeuge - Fahrende Lokomotiven und Waggons - AMT Group<\/title>\n<meta name=\"description\" content=\"Terberg\/Zagro RR222\/282 der n\u00e4chste Schritt in der Rangiertechnik. Mit diesem Fahrzeug k\u00f6nnen Sie bis zu 2800 Tonnen Anh\u00e4ngelast bewegen\" \/>\n<meta name=\"robots\" content=\"index, follow, max-snippet:-1, max-image-preview:large, max-video-preview:-1\" \/>\n<link rel=\"canonical\" href=\"https:\/\/www.amtgroup.nl\/de\/railroad\/dienstfahrzeuge\/\" \/>\n<meta property=\"og:locale\" content=\"de_DE\" \/>\n<meta property=\"og:type\" content=\"article\" \/>\n<meta property=\"og:title\" content=\"Dienstfahrzeuge - Fahrende Lokomotiven und Waggons - AMT Group\" \/>\n<meta property=\"og:description\" content=\"Terberg\/Zagro RR222\/282 der n\u00e4chste Schritt in der Rangiertechnik. Mit diesem Fahrzeug k\u00f6nnen Sie bis zu 2800 Tonnen Anh\u00e4ngelast bewegen\" \/>\n<meta property=\"og:url\" content=\"https:\/\/www.amtgroup.nl\/de\/railroad\/dienstfahrzeuge\/\" \/>\n<meta property=\"og:site_name\" content=\"AMT Group\" \/>\n<meta property=\"article:publisher\" content=\"https:\/\/www.facebook.com\/amtgroup.nl\/\" \/>\n<meta property=\"article:modified_time\" content=\"2025-12-03T12:12:21+00:00\" \/>\n<meta name=\"twitter:card\" content=\"summary_large_image\" \/>\n<meta name=\"twitter:label1\" content=\"Gesch\u00e4tzte Lesezeit\" \/>\n\t<meta name=\"twitter:data1\" content=\"14\u00a0Minuten\" \/>\n<script type=\"application\/ld+json\" class=\"yoast-schema-graph\">{\"@context\":\"https:\\\/\\\/schema.org\",\"@graph\":[{\"@type\":\"WebPage\",\"@id\":\"https:\\\/\\\/www.amtgroup.nl\\\/de\\\/railroad\\\/dienstfahrzeuge\\\/\",\"url\":\"https:\\\/\\\/www.amtgroup.nl\\\/de\\\/railroad\\\/dienstfahrzeuge\\\/\",\"name\":\"Dienstfahrzeuge - Fahrende Lokomotiven und Waggons - AMT Group\",\"isPartOf\":{\"@id\":\"https:\\\/\\\/www.amtgroup.nl\\\/de\\\/#website\"},\"datePublished\":\"2024-02-07T09:45:43+00:00\",\"dateModified\":\"2025-12-03T12:12:21+00:00\",\"description\":\"Terberg\\\/Zagro RR222\\\/282 der n\u00e4chste Schritt in der Rangiertechnik. Mit diesem Fahrzeug k\u00f6nnen Sie bis zu 2800 Tonnen Anh\u00e4ngelast bewegen\",\"breadcrumb\":{\"@id\":\"https:\\\/\\\/www.amtgroup.nl\\\/de\\\/railroad\\\/dienstfahrzeuge\\\/#breadcrumb\"},\"inLanguage\":\"de\",\"potentialAction\":[{\"@type\":\"ReadAction\",\"target\":[\"https:\\\/\\\/www.amtgroup.nl\\\/de\\\/railroad\\\/dienstfahrzeuge\\\/\"]}]},{\"@type\":\"BreadcrumbList\",\"@id\":\"https:\\\/\\\/www.amtgroup.nl\\\/de\\\/railroad\\\/dienstfahrzeuge\\\/#breadcrumb\",\"itemListElement\":[{\"@type\":\"ListItem\",\"position\":1,\"name\":\"Home\",\"item\":\"https:\\\/\\\/www.amtgroup.nl\\\/de\\\/zuhause\\\/\"},{\"@type\":\"ListItem\",\"position\":2,\"name\":\"Railroad\",\"item\":\"https:\\\/\\\/www.amtgroup.nl\\\/de\\\/railroad\\\/\"},{\"@type\":\"ListItem\",\"position\":3,\"name\":\"Dienstfahrzeuge\"}]},{\"@type\":\"WebSite\",\"@id\":\"https:\\\/\\\/www.amtgroup.nl\\\/de\\\/#website\",\"url\":\"https:\\\/\\\/www.amtgroup.nl\\\/de\\\/\",\"name\":\"AMT Group\",\"description\":\"Een modern productiebedrijf\",\"potentialAction\":[{\"@type\":\"SearchAction\",\"target\":{\"@type\":\"EntryPoint\",\"urlTemplate\":\"https:\\\/\\\/www.amtgroup.nl\\\/de\\\/?s={search_term_string}\"},\"query-input\":{\"@type\":\"PropertyValueSpecification\",\"valueRequired\":true,\"valueName\":\"search_term_string\"}}],\"inLanguage\":\"de\"}]}<\/script>\n<!-- \/ Yoast SEO plugin. -->","yoast_head_json":{"title":"Dienstfahrzeuge - Fahrende Lokomotiven und Waggons - AMT Group","description":"Terberg\/Zagro RR222\/282 der n\u00e4chste Schritt in der Rangiertechnik. Mit diesem Fahrzeug k\u00f6nnen Sie bis zu 2800 Tonnen Anh\u00e4ngelast bewegen","robots":{"index":"index","follow":"follow","max-snippet":"max-snippet:-1","max-image-preview":"max-image-preview:large","max-video-preview":"max-video-preview:-1"},"canonical":"https:\/\/www.amtgroup.nl\/de\/railroad\/dienstfahrzeuge\/","og_locale":"de_DE","og_type":"article","og_title":"Dienstfahrzeuge - Fahrende Lokomotiven und Waggons - AMT Group","og_description":"Terberg\/Zagro RR222\/282 der n\u00e4chste Schritt in der Rangiertechnik. Mit diesem Fahrzeug k\u00f6nnen Sie bis zu 2800 Tonnen Anh\u00e4ngelast bewegen","og_url":"https:\/\/www.amtgroup.nl\/de\/railroad\/dienstfahrzeuge\/","og_site_name":"AMT Group","article_publisher":"https:\/\/www.facebook.com\/amtgroup.nl\/","article_modified_time":"2025-12-03T12:12:21+00:00","twitter_card":"summary_large_image","twitter_misc":{"Gesch\u00e4tzte Lesezeit":"14\u00a0Minuten"},"schema":{"@context":"https:\/\/schema.org","@graph":[{"@type":"WebPage","@id":"https:\/\/www.amtgroup.nl\/de\/railroad\/dienstfahrzeuge\/","url":"https:\/\/www.amtgroup.nl\/de\/railroad\/dienstfahrzeuge\/","name":"Dienstfahrzeuge - Fahrende Lokomotiven und Waggons - AMT Group","isPartOf":{"@id":"https:\/\/www.amtgroup.nl\/de\/#website"},"datePublished":"2024-02-07T09:45:43+00:00","dateModified":"2025-12-03T12:12:21+00:00","description":"Terberg\/Zagro RR222\/282 der n\u00e4chste Schritt in der Rangiertechnik. Mit diesem Fahrzeug k\u00f6nnen Sie bis zu 2800 Tonnen Anh\u00e4ngelast bewegen","breadcrumb":{"@id":"https:\/\/www.amtgroup.nl\/de\/railroad\/dienstfahrzeuge\/#breadcrumb"},"inLanguage":"de","potentialAction":[{"@type":"ReadAction","target":["https:\/\/www.amtgroup.nl\/de\/railroad\/dienstfahrzeuge\/"]}]},{"@type":"BreadcrumbList","@id":"https:\/\/www.amtgroup.nl\/de\/railroad\/dienstfahrzeuge\/#breadcrumb","itemListElement":[{"@type":"ListItem","position":1,"name":"Home","item":"https:\/\/www.amtgroup.nl\/de\/zuhause\/"},{"@type":"ListItem","position":2,"name":"Railroad","item":"https:\/\/www.amtgroup.nl\/de\/railroad\/"},{"@type":"ListItem","position":3,"name":"Dienstfahrzeuge"}]},{"@type":"WebSite","@id":"https:\/\/www.amtgroup.nl\/de\/#website","url":"https:\/\/www.amtgroup.nl\/de\/","name":"AMT Group","description":"Een modern productiebedrijf","potentialAction":[{"@type":"SearchAction","target":{"@type":"EntryPoint","urlTemplate":"https:\/\/www.amtgroup.nl\/de\/?s={search_term_string}"},"query-input":{"@type":"PropertyValueSpecification","valueRequired":true,"valueName":"search_term_string"}}],"inLanguage":"de"}]}},"_links":{"self":[{"href":"https:\/\/www.amtgroup.nl\/de\/wp-json\/wp\/v2\/pages\/20254","targetHints":{"allow":["GET"]}}],"collection":[{"href":"https:\/\/www.amtgroup.nl\/de\/wp-json\/wp\/v2\/pages"}],"about":[{"href":"https:\/\/www.amtgroup.nl\/de\/wp-json\/wp\/v2\/types\/page"}],"author":[{"embeddable":true,"href":"https:\/\/www.amtgroup.nl\/de\/wp-json\/wp\/v2\/users\/1"}],"replies":[{"embeddable":true,"href":"https:\/\/www.amtgroup.nl\/de\/wp-json\/wp\/v2\/comments?post=20254"}],"version-history":[{"count":5,"href":"https:\/\/www.amtgroup.nl\/de\/wp-json\/wp\/v2\/pages\/20254\/revisions"}],"predecessor-version":[{"id":29691,"href":"https:\/\/www.amtgroup.nl\/de\/wp-json\/wp\/v2\/pages\/20254\/revisions\/29691"}],"up":[{"embeddable":true,"href":"https:\/\/www.amtgroup.nl\/de\/wp-json\/wp\/v2\/pages\/1609"}],"wp:attachment":[{"href":"https:\/\/www.amtgroup.nl\/de\/wp-json\/wp\/v2\/media?parent=20254"}],"curies":[{"name":"wp","href":"https:\/\/api.w.org\/{rel}","templated":true}]}}