{"id":9899,"date":"2021-01-31T14:48:45","date_gmt":"2021-01-31T13:48:45","guid":{"rendered":"https:\/\/www.amtgroup.nl\/?page_id=9899"},"modified":"2025-10-11T19:52:05","modified_gmt":"2025-10-11T17:52:05","slug":"gleis-rad-und-maschinen-teile","status":"publish","type":"page","link":"https:\/\/www.amtgroup.nl\/de\/gleis-rad-und-maschinen-teile\/","title":{"rendered":"Gleisr\u00e4der und Maschinenteile"},"content":{"rendered":"<p><div class=\"fusion-fullwidth fullwidth-box fusion-builder-row-1 fusion-flex-container hundred-percent-fullwidth non-hundred-percent-height-scrolling\" style=\"--awb-background-position:left top;--awb-border-sizes-top:0px;--awb-border-sizes-bottom:0px;--awb-border-sizes-left:0px;--awb-border-sizes-right:0px;--awb-border-radius-top-left:0px;--awb-border-radius-top-right:0px;--awb-border-radius-bottom-right:0px;--awb-border-radius-bottom-left:0px;--awb-padding-top-medium:70px;--awb-padding-bottom-medium:82px;--awb-flex-wrap:wrap;\" ><div class=\"fusion-builder-row fusion-row fusion-flex-align-items-flex-start fusion-flex-content-wrap\" style=\"width:104% !important;max-width:104% !important;margin-left: calc(-4% \/ 2 );margin-right: calc(-4% \/ 2 );\"><div class=\"fusion-layout-column fusion_builder_column fusion-builder-column-0 fusion_builder_column_1_2 1_2 fusion-flex-column fusion-flex-align-self-center\" style=\"--awb-padding-top:0%;--awb-padding-right:12%;--awb-padding-bottom:0%;--awb-padding-left:12%;--awb-bg-size:cover;--awb-width-large:50%;--awb-margin-top-large:0px;--awb-spacing-right-large:3.84%;--awb-margin-bottom-large:0px;--awb-spacing-left-large:3.84%;--awb-width-medium:100%;--awb-order-medium:0;--awb-spacing-right-medium:1.92%;--awb-spacing-left-medium:1.92%;--awb-width-small:100%;--awb-order-small:0;--awb-spacing-right-small:1.92%;--awb-spacing-left-small:1.92%;\"><div class=\"fusion-column-wrapper fusion-column-has-shadow fusion-flex-justify-content-space-around fusion-content-layout-column\"><div class=\"fusion-slider-sc fusion-has-margin\" style=\"margin-top:0px;margin-bottom:0px;\"><div class=\"fusion-flexslider-loading flexslider flexslider-hover-type-none\" data-slideshow_autoplay=\"1\" data-slideshow_smooth_height=\"0\" data-slideshow_speed=\"2000\" style=\"max-width:100%;height:370px;\"><ul class=\"slides\"><li class=\"image\"><span class=\"fusion-image-hover-element hover-type-none\"><img decoding=\"async\" src=\"https:\/\/www.amtgroup.nl\/wp-content\/uploads\/2021\/01\/Spareparts-1.png\" alt=\"Spareparts\" width=\"885\" height=\"498\" class=\"wp-image-11200\" srcset=\"https:\/\/www.amtgroup.nl\/wp-content\/uploads\/2021\/01\/Spareparts-1-200x113.png 200w, https:\/\/www.amtgroup.nl\/wp-content\/uploads\/2021\/01\/Spareparts-1-400x225.png 400w, https:\/\/www.amtgroup.nl\/wp-content\/uploads\/2021\/01\/Spareparts-1-600x338.png 600w, https:\/\/www.amtgroup.nl\/wp-content\/uploads\/2021\/01\/Spareparts-1-800x450.png 800w, https:\/\/www.amtgroup.nl\/wp-content\/uploads\/2021\/01\/Spareparts-1.png 885w\" sizes=\"(max-width: 800px) 100vw, (max-width: 640px) 100vw, 600px\" \/><\/span><\/li><li class=\"image\"><span class=\"fusion-image-hover-element hover-type-none\"><img decoding=\"async\" src=\"https:\/\/www.amtgroup.nl\/wp-content\/uploads\/2021\/01\/reserve-onderdelen-kit.png\" alt=\"Reserve onderdelen kit\" width=\"1200\" height=\"727\" class=\"wp-image-11208\" srcset=\"https:\/\/www.amtgroup.nl\/wp-content\/uploads\/2021\/01\/reserve-onderdelen-kit-200x121.png 200w, https:\/\/www.amtgroup.nl\/wp-content\/uploads\/2021\/01\/reserve-onderdelen-kit-400x242.png 400w, https:\/\/www.amtgroup.nl\/wp-content\/uploads\/2021\/01\/reserve-onderdelen-kit-600x364.png 600w, https:\/\/www.amtgroup.nl\/wp-content\/uploads\/2021\/01\/reserve-onderdelen-kit-800x485.png 800w, https:\/\/www.amtgroup.nl\/wp-content\/uploads\/2021\/01\/reserve-onderdelen-kit.png 1200w\" sizes=\"(max-width: 800px) 100vw, (max-width: 640px) 100vw, 600px\" \/><\/span><\/li><li class=\"image\"><span class=\"fusion-image-hover-element hover-type-none\"><img decoding=\"async\" src=\"https:\/\/www.amtgroup.nl\/wp-content\/uploads\/2021\/01\/spoorwielen-onderdelen.png\" alt=\"Eisenbahnradteile\" width=\"792\" height=\"447\" class=\"wp-image-11196\" srcset=\"https:\/\/www.amtgroup.nl\/wp-content\/uploads\/2021\/01\/spoorwielen-onderdelen-200x113.png 200w, https:\/\/www.amtgroup.nl\/wp-content\/uploads\/2021\/01\/spoorwielen-onderdelen-400x226.png 400w, https:\/\/www.amtgroup.nl\/wp-content\/uploads\/2021\/01\/spoorwielen-onderdelen-600x339.png 600w, https:\/\/www.amtgroup.nl\/wp-content\/uploads\/2021\/01\/spoorwielen-onderdelen.png 792w\" sizes=\"(max-width: 800px) 100vw, (max-width: 640px) 100vw, 600px\" \/><\/span><\/li><li class=\"image\"><span class=\"fusion-image-hover-element hover-type-none\"><img decoding=\"async\" src=\"https:\/\/www.amtgroup.nl\/wp-content\/uploads\/2021\/01\/Spareparts3-1.png\" alt=\"ersatzteile\" width=\"775\" height=\"436\" class=\"wp-image-11204\" srcset=\"https:\/\/www.amtgroup.nl\/wp-content\/uploads\/2021\/01\/Spareparts3-1-200x113.png 200w, https:\/\/www.amtgroup.nl\/wp-content\/uploads\/2021\/01\/Spareparts3-1-400x225.png 400w, https:\/\/www.amtgroup.nl\/wp-content\/uploads\/2021\/01\/Spareparts3-1-600x338.png 600w, https:\/\/www.amtgroup.nl\/wp-content\/uploads\/2021\/01\/Spareparts3-1.png 775w\" sizes=\"(max-width: 800px) 100vw, (max-width: 640px) 100vw, 600px\" \/><\/span><\/li><li class=\"image\"><span class=\"fusion-image-hover-element hover-type-none\"><img decoding=\"async\" src=\"https:\/\/www.amtgroup.nl\/wp-content\/uploads\/2021\/01\/Hi-rail-Kits-400x351.png\" width=\"400\" height=\"351\" class=\"wp-image-9924\" srcset=\"https:\/\/www.amtgroup.nl\/wp-content\/uploads\/2021\/01\/Hi-rail-Kits-200x175.png 200w, https:\/\/www.amtgroup.nl\/wp-content\/uploads\/2021\/01\/Hi-rail-Kits-400x351.png 400w, https:\/\/www.amtgroup.nl\/wp-content\/uploads\/2021\/01\/Hi-rail-Kits-600x526.png 600w, https:\/\/www.amtgroup.nl\/wp-content\/uploads\/2021\/01\/Hi-rail-Kits-800x701.png 800w, https:\/\/www.amtgroup.nl\/wp-content\/uploads\/2021\/01\/Hi-rail-Kits.png 850w\" sizes=\"(max-width: 800px) 100vw, (max-width: 640px) 100vw, 600px\" \/><\/span><\/li><\/ul><\/div><\/div><\/div><\/div><div class=\"fusion-layout-column fusion_builder_column fusion-builder-column-1 fusion_builder_column_1_2 1_2 fusion-flex-column\" style=\"--awb-padding-top:5%;--awb-padding-right:10%;--awb-padding-bottom:5%;--awb-padding-left:0%;--awb-bg-size:cover;--awb-width-large:50%;--awb-margin-top-large:0px;--awb-spacing-right-large:3.84%;--awb-margin-bottom-large:0px;--awb-spacing-left-large:3.84%;--awb-width-medium:100%;--awb-order-medium:0;--awb-spacing-right-medium:1.92%;--awb-spacing-left-medium:1.92%;--awb-width-small:100%;--awb-order-small:0;--awb-spacing-right-small:1.92%;--awb-spacing-left-small:1.92%;\"><div class=\"fusion-column-wrapper fusion-column-has-shadow fusion-flex-justify-content-flex-start fusion-content-layout-column\"><div class=\"fusion-title title fusion-title-1 fusion-sep-none fusion-title-text fusion-title-size-one\" style=\"--awb-margin-bottom:20px;--awb-margin-top-small:0px;--awb-margin-right-small:0px;--awb-margin-bottom-small:20px;--awb-margin-left-small:0px;\"><h1 class=\"fusion-title-heading title-heading-left\" style=\"margin:0;\">Gleisr\u00e4der und Maschinenteile<\/h1><\/div><div class=\"fusion-text fusion-text-1\"><p>Einige Aktivit\u00e4ten erfordern spezielle Anpassungen. Ob es sich um eine vollst\u00e4ndige Umr\u00fcstung, Modernisierung oder \u00dcberholung, eine Neuprofilierung oder die Lieferung neuer Teile handelt. Bei AMT sind Sie bei uns genau richtig. Wir sind auch NEN-EN15085-2 CL1 zertifiziert. Das bedeutet, dass wir<br \/>\nnach diesem Standard entwerfen und produzieren d\u00fcrfen.<\/p>\n<\/div><\/div><\/div><\/div><\/div><div class=\"fusion-fullwidth fullwidth-box fusion-builder-row-2 fusion-flex-container hundred-percent-fullwidth non-hundred-percent-height-scrolling\" style=\"--awb-background-position:left top;--awb-border-sizes-top:0px;--awb-border-sizes-bottom:0px;--awb-border-sizes-left:0px;--awb-border-sizes-right:0px;--awb-border-radius-top-left:0px;--awb-border-radius-top-right:0px;--awb-border-radius-bottom-right:0px;--awb-border-radius-bottom-left:0px;--awb-padding-top:60px;--awb-padding-right:6%;--awb-padding-bottom:20px;--awb-padding-left:6%;--awb-padding-top-medium:70px;--awb-padding-bottom-medium:82px;--awb-flex-wrap:wrap;\" ><div class=\"fusion-builder-row fusion-row fusion-flex-align-items-flex-start fusion-flex-content-wrap\" style=\"width:104% !important;max-width:104% !important;margin-left: calc(-4% \/ 2 );margin-right: calc(-4% \/ 2 );\"><div class=\"fusion-layout-column fusion_builder_column fusion-builder-column-2 fusion_builder_column_1_1 1_1 fusion-flex-column\" style=\"--awb-bg-size:cover;--awb-width-large:100%;--awb-margin-top-large:0px;--awb-spacing-right-large:1.92%;--awb-margin-bottom-large:0px;--awb-spacing-left-large:1.92%;--awb-width-medium:100%;--awb-order-medium:0;--awb-spacing-right-medium:1.92%;--awb-spacing-left-medium:1.92%;--awb-width-small:100%;--awb-order-small:0;--awb-spacing-right-small:1.92%;--awb-spacing-left-small:1.92%;\"><div class=\"fusion-column-wrapper fusion-column-has-shadow fusion-flex-justify-content-flex-start fusion-content-layout-column\"><div class=\"awb-gallery-wrapper awb-gallery-wrapper-1 button-span-no\"><div style=\"margin:-5px;--awb-bordersize:0px;\" class=\"fusion-gallery fusion-gallery-container fusion-grid-4 fusion-columns-total-4 fusion-gallery-layout-grid fusion-gallery-1\"><div style=\"padding:5px;\" class=\"fusion-grid-column fusion-gallery-column fusion-gallery-column-4 hover-type-none\"><div class=\"fusion-gallery-image\"><a href=\"https:\/\/www.amtgroup.nl\/wp-content\/uploads\/2017\/06\/spoorwielen-00-amtgroup.nl_-3.jpg\" rel=\"noreferrer\" data-rel=\"iLightbox[gallery_image_1]\" class=\"fusion-lightbox\" target=\"_self\"><img decoding=\"async\" src=\"https:\/\/www.amtgroup.nl\/wp-content\/uploads\/2017\/06\/spoorwielen-00-amtgroup.nl_-3.jpg\" width=\"1024\" height=\"768\" alt=\"\" title=\"railwheels-00-amtgroup.co.uk\" aria-label=\"railwheels-00-amtgroup.co.uk\" class=\"img-responsive wp-image-2437\" srcset=\"https:\/\/www.amtgroup.nl\/wp-content\/uploads\/2017\/06\/spoorwielen-00-amtgroup.nl_-3-200x150.jpg 200w, https:\/\/www.amtgroup.nl\/wp-content\/uploads\/2017\/06\/spoorwielen-00-amtgroup.nl_-3-400x300.jpg 400w, https:\/\/www.amtgroup.nl\/wp-content\/uploads\/2017\/06\/spoorwielen-00-amtgroup.nl_-3-600x450.jpg 600w, https:\/\/www.amtgroup.nl\/wp-content\/uploads\/2017\/06\/spoorwielen-00-amtgroup.nl_-3-800x600.jpg 800w, https:\/\/www.amtgroup.nl\/wp-content\/uploads\/2017\/06\/spoorwielen-00-amtgroup.nl_-3.jpg 1024w\" sizes=\"(min-width: 2200px) 100vw, (min-width: 915px) 296px, (min-width: 824px) 395px, (min-width: 732px) 593px, (min-width: 640px) 732px, \" \/><\/a><\/div><\/div><div style=\"padding:5px;\" class=\"fusion-grid-column fusion-gallery-column fusion-gallery-column-4 hover-type-none\"><div class=\"fusion-gallery-image\"><a href=\"https:\/\/www.amtgroup.nl\/wp-content\/uploads\/2017\/06\/spoorwielen-meten-01-amtgroup.nl_-3.jpg\" rel=\"noreferrer\" data-rel=\"iLightbox[gallery_image_1]\" class=\"fusion-lightbox\" target=\"_self\"><img decoding=\"async\" src=\"https:\/\/www.amtgroup.nl\/wp-content\/uploads\/2017\/06\/spoorwielen-meten-01-amtgroup.nl_-3.jpg\" width=\"1280\" height=\"960\" alt=\"\" title=\"raupen-r\u00e4der-messen-01-amtgroup.co.uk\" aria-label=\"raupen-r\u00e4der-messen-01-amtgroup.co.uk\" class=\"img-responsive wp-image-2434\" srcset=\"https:\/\/www.amtgroup.nl\/wp-content\/uploads\/2017\/06\/spoorwielen-meten-01-amtgroup.nl_-3-200x150.jpg 200w, https:\/\/www.amtgroup.nl\/wp-content\/uploads\/2017\/06\/spoorwielen-meten-01-amtgroup.nl_-3-400x300.jpg 400w, https:\/\/www.amtgroup.nl\/wp-content\/uploads\/2017\/06\/spoorwielen-meten-01-amtgroup.nl_-3-600x450.jpg 600w, https:\/\/www.amtgroup.nl\/wp-content\/uploads\/2017\/06\/spoorwielen-meten-01-amtgroup.nl_-3-800x600.jpg 800w, https:\/\/www.amtgroup.nl\/wp-content\/uploads\/2017\/06\/spoorwielen-meten-01-amtgroup.nl_-3-1200x900.jpg 1200w, https:\/\/www.amtgroup.nl\/wp-content\/uploads\/2017\/06\/spoorwielen-meten-01-amtgroup.nl_-3.jpg 1280w\" sizes=\"(min-width: 2200px) 100vw, (min-width: 915px) 296px, (min-width: 824px) 395px, (min-width: 732px) 593px, (min-width: 640px) 732px, \" \/><\/a><\/div><\/div><div style=\"padding:5px;\" class=\"fusion-grid-column fusion-gallery-column fusion-gallery-column-4 hover-type-none\"><div class=\"fusion-gallery-image\"><a href=\"https:\/\/www.amtgroup.nl\/wp-content\/uploads\/2017\/06\/spoorwielen-transport-01-amtgroup.nl_-3.jpg\" rel=\"noreferrer\" data-rel=\"iLightbox[gallery_image_1]\" class=\"fusion-lightbox\" target=\"_self\"><img decoding=\"async\" src=\"https:\/\/www.amtgroup.nl\/wp-content\/uploads\/2017\/06\/spoorwielen-transport-01-amtgroup.nl_-3.jpg\" width=\"1280\" height=\"960\" alt=\"\" title=\"schienenr\u00e4der-transport-01-amtgroup.com\" aria-label=\"schienenr\u00e4der-transport-01-amtgroup.com\" class=\"img-responsive wp-image-2431\" srcset=\"https:\/\/www.amtgroup.nl\/wp-content\/uploads\/2017\/06\/spoorwielen-transport-01-amtgroup.nl_-3-200x150.jpg 200w, https:\/\/www.amtgroup.nl\/wp-content\/uploads\/2017\/06\/spoorwielen-transport-01-amtgroup.nl_-3-400x300.jpg 400w, https:\/\/www.amtgroup.nl\/wp-content\/uploads\/2017\/06\/spoorwielen-transport-01-amtgroup.nl_-3-600x450.jpg 600w, https:\/\/www.amtgroup.nl\/wp-content\/uploads\/2017\/06\/spoorwielen-transport-01-amtgroup.nl_-3-800x600.jpg 800w, https:\/\/www.amtgroup.nl\/wp-content\/uploads\/2017\/06\/spoorwielen-transport-01-amtgroup.nl_-3-1200x900.jpg 1200w, https:\/\/www.amtgroup.nl\/wp-content\/uploads\/2017\/06\/spoorwielen-transport-01-amtgroup.nl_-3.jpg 1280w\" sizes=\"(min-width: 2200px) 100vw, (min-width: 915px) 296px, (min-width: 824px) 395px, (min-width: 732px) 593px, (min-width: 640px) 732px, \" \/><\/a><\/div><\/div><div style=\"padding:5px;\" class=\"fusion-grid-column fusion-gallery-column fusion-gallery-column-4 hover-type-none\"><div class=\"fusion-gallery-image\"><a href=\"https:\/\/www.amtgroup.nl\/wp-content\/uploads\/2017\/06\/spoorassen-amtgroup.nl_-3.jpg\" rel=\"noreferrer\" data-rel=\"iLightbox[gallery_image_1]\" class=\"fusion-lightbox\" target=\"_self\"><img decoding=\"async\" src=\"https:\/\/www.amtgroup.nl\/wp-content\/uploads\/2017\/06\/spoorassen-amtgroup.nl_-3.jpg\" width=\"1200\" height=\"676\" alt=\"\" title=\"spoorassen-amtgroup.co.uk\" aria-label=\"spoorassen-amtgroup.co.uk\" class=\"img-responsive wp-image-2440\" srcset=\"https:\/\/www.amtgroup.nl\/wp-content\/uploads\/2017\/06\/spoorassen-amtgroup.nl_-3-200x113.jpg 200w, https:\/\/www.amtgroup.nl\/wp-content\/uploads\/2017\/06\/spoorassen-amtgroup.nl_-3-400x225.jpg 400w, https:\/\/www.amtgroup.nl\/wp-content\/uploads\/2017\/06\/spoorassen-amtgroup.nl_-3-600x338.jpg 600w, https:\/\/www.amtgroup.nl\/wp-content\/uploads\/2017\/06\/spoorassen-amtgroup.nl_-3-800x451.jpg 800w, https:\/\/www.amtgroup.nl\/wp-content\/uploads\/2017\/06\/spoorassen-amtgroup.nl_-3.jpg 1200w\" sizes=\"(min-width: 2200px) 100vw, (min-width: 915px) 296px, (min-width: 824px) 395px, (min-width: 732px) 593px, (min-width: 640px) 732px, \" \/><\/a><\/div><\/div><div class=\"clearfix\"><\/div><\/div><\/div><\/div><\/div><\/div><\/div><\/p>\n","protected":false},"excerpt":{"rendered":"","protected":false},"author":1,"featured_media":0,"parent":0,"menu_order":0,"comment_status":"closed","ping_status":"closed","template":"100-width.php","meta":{"footnotes":""},"class_list":["post-9899","page","type-page","status-publish","hentry"],"yoast_head":"<!-- This site is optimized with the Yoast SEO plugin v27.2 - https:\/\/yoast.com\/product\/yoast-seo-wordpress\/ -->\n<title>Gleisr\u00e4der und Maschinenteile - AMT Group.<\/title>\n<meta name=\"description\" content=\"Ein kompletter Umbau, eine Modernisierung oder \u00dcberholung, eine Neuprofilierung oder die Lieferung von Neuteilen. Bei AMT sind Sie bei uns genau richtig.\" \/>\n<meta name=\"robots\" content=\"index, follow, max-snippet:-1, max-image-preview:large, max-video-preview:-1\" \/>\n<link rel=\"canonical\" href=\"https:\/\/www.amtgroup.nl\/de\/gleis-rad-und-maschinen-teile\/\" \/>\n<meta property=\"og:locale\" content=\"de_DE\" \/>\n<meta property=\"og:type\" content=\"article\" \/>\n<meta property=\"og:title\" content=\"Gleisr\u00e4der und Maschinenteile - AMT Group.\" \/>\n<meta property=\"og:description\" content=\"Ein kompletter Umbau, eine Modernisierung oder \u00dcberholung, eine Neuprofilierung oder die Lieferung von Neuteilen. Bei AMT sind Sie bei uns genau richtig.\" \/>\n<meta property=\"og:url\" content=\"https:\/\/www.amtgroup.nl\/de\/gleis-rad-und-maschinen-teile\/\" \/>\n<meta property=\"og:site_name\" content=\"AMT Group\" \/>\n<meta property=\"article:publisher\" content=\"https:\/\/www.facebook.com\/amtgroup.nl\/\" \/>\n<meta property=\"article:modified_time\" content=\"2025-10-11T17:52:05+00:00\" \/>\n<meta name=\"twitter:card\" content=\"summary_large_image\" \/>\n<meta name=\"twitter:label1\" content=\"Gesch\u00e4tzte Lesezeit\" \/>\n\t<meta name=\"twitter:data1\" content=\"4\u00a0Minuten\" \/>\n<script type=\"application\/ld+json\" class=\"yoast-schema-graph\">{\"@context\":\"https:\/\/schema.org\",\"@graph\":[{\"@type\":\"WebPage\",\"@id\":\"https:\/\/www.amtgroup.nl\/de\/gleis-rad-und-maschinen-teile\/\",\"url\":\"https:\/\/www.amtgroup.nl\/de\/gleis-rad-und-maschinen-teile\/\",\"name\":\"Gleisr\u00e4der und Maschinenteile - AMT Group.\",\"isPartOf\":{\"@id\":\"https:\/\/www.amtgroup.nl\/de\/#website\"},\"datePublished\":\"2021-01-31T13:48:45+00:00\",\"dateModified\":\"2025-10-11T17:52:05+00:00\",\"description\":\"Ein kompletter Umbau, eine Modernisierung oder \u00dcberholung, eine Neuprofilierung oder die Lieferung von Neuteilen. Bei AMT sind Sie bei uns genau richtig.\",\"breadcrumb\":{\"@id\":\"https:\/\/www.amtgroup.nl\/de\/gleis-rad-und-maschinen-teile\/#breadcrumb\"},\"inLanguage\":\"de\",\"potentialAction\":[{\"@type\":\"ReadAction\",\"target\":[\"https:\/\/www.amtgroup.nl\/de\/gleis-rad-und-maschinen-teile\/\"]}]},{\"@type\":\"BreadcrumbList\",\"@id\":\"https:\/\/www.amtgroup.nl\/de\/gleis-rad-und-maschinen-teile\/#breadcrumb\",\"itemListElement\":[{\"@type\":\"ListItem\",\"position\":1,\"name\":\"Home\",\"item\":\"https:\/\/www.amtgroup.nl\/de\/zuhause\/\"},{\"@type\":\"ListItem\",\"position\":2,\"name\":\"Gleisr\u00e4der und Maschinenteile\"}]},{\"@type\":\"WebSite\",\"@id\":\"https:\/\/www.amtgroup.nl\/de\/#website\",\"url\":\"https:\/\/www.amtgroup.nl\/de\/\",\"name\":\"AMT Group\",\"description\":\"Een modern productiebedrijf\",\"potentialAction\":[{\"@type\":\"SearchAction\",\"target\":{\"@type\":\"EntryPoint\",\"urlTemplate\":\"https:\/\/www.amtgroup.nl\/de\/?s={search_term_string}\"},\"query-input\":{\"@type\":\"PropertyValueSpecification\",\"valueRequired\":true,\"valueName\":\"search_term_string\"}}],\"inLanguage\":\"de\"}]}<\/script>\n<!-- \/ Yoast SEO plugin. -->","yoast_head_json":{"title":"Gleisr\u00e4der und Maschinenteile - AMT Group.","description":"Ein kompletter Umbau, eine Modernisierung oder \u00dcberholung, eine Neuprofilierung oder die Lieferung von Neuteilen. Bei AMT sind Sie bei uns genau richtig.","robots":{"index":"index","follow":"follow","max-snippet":"max-snippet:-1","max-image-preview":"max-image-preview:large","max-video-preview":"max-video-preview:-1"},"canonical":"https:\/\/www.amtgroup.nl\/de\/gleis-rad-und-maschinen-teile\/","og_locale":"de_DE","og_type":"article","og_title":"Gleisr\u00e4der und Maschinenteile - AMT Group.","og_description":"Ein kompletter Umbau, eine Modernisierung oder \u00dcberholung, eine Neuprofilierung oder die Lieferung von Neuteilen. Bei AMT sind Sie bei uns genau richtig.","og_url":"https:\/\/www.amtgroup.nl\/de\/gleis-rad-und-maschinen-teile\/","og_site_name":"AMT Group","article_publisher":"https:\/\/www.facebook.com\/amtgroup.nl\/","article_modified_time":"2025-10-11T17:52:05+00:00","twitter_card":"summary_large_image","twitter_misc":{"Gesch\u00e4tzte Lesezeit":"4\u00a0Minuten"},"schema":{"@context":"https:\/\/schema.org","@graph":[{"@type":"WebPage","@id":"https:\/\/www.amtgroup.nl\/de\/gleis-rad-und-maschinen-teile\/","url":"https:\/\/www.amtgroup.nl\/de\/gleis-rad-und-maschinen-teile\/","name":"Gleisr\u00e4der und Maschinenteile - AMT Group.","isPartOf":{"@id":"https:\/\/www.amtgroup.nl\/de\/#website"},"datePublished":"2021-01-31T13:48:45+00:00","dateModified":"2025-10-11T17:52:05+00:00","description":"Ein kompletter Umbau, eine Modernisierung oder \u00dcberholung, eine Neuprofilierung oder die Lieferung von Neuteilen. Bei AMT sind Sie bei uns genau richtig.","breadcrumb":{"@id":"https:\/\/www.amtgroup.nl\/de\/gleis-rad-und-maschinen-teile\/#breadcrumb"},"inLanguage":"de","potentialAction":[{"@type":"ReadAction","target":["https:\/\/www.amtgroup.nl\/de\/gleis-rad-und-maschinen-teile\/"]}]},{"@type":"BreadcrumbList","@id":"https:\/\/www.amtgroup.nl\/de\/gleis-rad-und-maschinen-teile\/#breadcrumb","itemListElement":[{"@type":"ListItem","position":1,"name":"Home","item":"https:\/\/www.amtgroup.nl\/de\/zuhause\/"},{"@type":"ListItem","position":2,"name":"Gleisr\u00e4der und Maschinenteile"}]},{"@type":"WebSite","@id":"https:\/\/www.amtgroup.nl\/de\/#website","url":"https:\/\/www.amtgroup.nl\/de\/","name":"AMT Group","description":"Een modern productiebedrijf","potentialAction":[{"@type":"SearchAction","target":{"@type":"EntryPoint","urlTemplate":"https:\/\/www.amtgroup.nl\/de\/?s={search_term_string}"},"query-input":{"@type":"PropertyValueSpecification","valueRequired":true,"valueName":"search_term_string"}}],"inLanguage":"de"}]}},"_links":{"self":[{"href":"https:\/\/www.amtgroup.nl\/de\/wp-json\/wp\/v2\/pages\/9899","targetHints":{"allow":["GET"]}}],"collection":[{"href":"https:\/\/www.amtgroup.nl\/de\/wp-json\/wp\/v2\/pages"}],"about":[{"href":"https:\/\/www.amtgroup.nl\/de\/wp-json\/wp\/v2\/types\/page"}],"author":[{"embeddable":true,"href":"https:\/\/www.amtgroup.nl\/de\/wp-json\/wp\/v2\/users\/1"}],"replies":[{"embeddable":true,"href":"https:\/\/www.amtgroup.nl\/de\/wp-json\/wp\/v2\/comments?post=9899"}],"version-history":[{"count":5,"href":"https:\/\/www.amtgroup.nl\/de\/wp-json\/wp\/v2\/pages\/9899\/revisions"}],"predecessor-version":[{"id":28906,"href":"https:\/\/www.amtgroup.nl\/de\/wp-json\/wp\/v2\/pages\/9899\/revisions\/28906"}],"wp:attachment":[{"href":"https:\/\/www.amtgroup.nl\/de\/wp-json\/wp\/v2\/media?parent=9899"}],"curies":[{"name":"wp","href":"https:\/\/api.w.org\/{rel}","templated":true}]}}