{"id":11301,"date":"2021-01-31T15:20:15","date_gmt":"2021-01-31T14:20:15","guid":{"rendered":"https:\/\/www.amtgroup.nl\/declaration-de-confidentialite\/"},"modified":"2025-11-27T11:44:08","modified_gmt":"2025-11-27T10:44:08","slug":"declaration-de-confidentialite","status":"publish","type":"page","link":"https:\/\/www.amtgroup.nl\/fr\/declaration-de-confidentialite\/","title":{"rendered":"D\u00e9claration de confidentialit\u00e9"},"content":{"rendered":"<div class=\"fusion-fullwidth fullwidth-box fusion-builder-row-1 fusion-flex-container nonhundred-percent-fullwidth non-hundred-percent-height-scrolling\" style=\"--awb-border-radius-top-left:0px;--awb-border-radius-top-right:0px;--awb-border-radius-bottom-right:0px;--awb-border-radius-bottom-left:0px;--awb-flex-wrap:wrap;\" ><div class=\"fusion-builder-row fusion-row fusion-flex-align-items-flex-start fusion-flex-content-wrap\" style=\"max-width:1248px;margin-left: calc(-4% \/ 2 );margin-right: calc(-4% \/ 2 );\"><div class=\"fusion-layout-column fusion_builder_column fusion-builder-column-0 fusion_builder_column_1_1 1_1 fusion-flex-column\" style=\"--awb-bg-size:cover;--awb-width-large:100%;--awb-margin-top-large:0px;--awb-spacing-right-large:1.92%;--awb-margin-bottom-large:0px;--awb-spacing-left-large:1.92%;--awb-width-medium:100%;--awb-spacing-right-medium:1.92%;--awb-spacing-left-medium:1.92%;--awb-width-small:100%;--awb-spacing-right-small:1.92%;--awb-spacing-left-small:1.92%;\"><div class=\"fusion-column-wrapper fusion-flex-justify-content-flex-start fusion-content-layout-column\"><div class=\"fusion-text fusion-text-1\" style=\"--awb-font-size:var(--awb-typography4-font-size);--awb-line-height:var(--awb-typography4-line-height);--awb-letter-spacing:var(--awb-typography4-letter-spacing);--awb-text-transform:var(--awb-typography4-text-transform);--awb-text-font-family:var(--awb-typography4-font-family);--awb-text-font-weight:var(--awb-typography4-font-weight);--awb-text-font-style:var(--awb-typography4-font-style);\"><p><strong><em><u>Collecte et utilisation des donn\u00e9es personnelles des clients, fournisseurs et autres contractants <\/u><\/em><\/strong><\/p>\n<p><em>Nous tenons \u00e0 attirer votre attention sur le fait que nous collecterons et utiliserons les donn\u00e9es personnelles que vous fournissez car cela est n\u00e9cessaire pour conclure et ex\u00e9cuter un \u00e9ventuel accord avec vous. Cela s&rsquo;applique \u00e0 la fois \u00e0 nos clients (potentiels) et aux parties auxquelles nous achetons des biens et\/ou des services. <\/em><\/p>\n<p><em>Si vous \u00eates un de nos clients (potentiels), nous utiliserons vos coordonn\u00e9es pour pouvoir vous envoyer un devis, d\u00e9terminer les sp\u00e9cifications ou les exigences d&rsquo;un article ou d&rsquo;un service particulier, livrer des articles ou effectuer des travaux pour vous, vous facturer et communiquer avec vous de mani\u00e8re fluide et efficace sur les aspects de mise en \u0153uvre de l&rsquo;accord. <\/em><\/p>\n<p><em>Si vous \u00eates un fournisseur (potentiel) ou un autre contractant, vos donn\u00e9es personnelles sont \u00e9galement n\u00e9cessaires \u00e0 la conclusion et \u00e0 l&rsquo;ex\u00e9cution de l&rsquo;accord. Dans le cas d&rsquo;un achat, cela est n\u00e9cessaire pour pouvoir vous faire conna\u00eetre les sp\u00e9cifications ou les souhaits que nous avons pour un certain produit ou service, pour pouvoir vous envoyer une demande de devis ou passer une commande, pour payer vos factures et pour pouvoir communiquer avec vous de mani\u00e8re fluide et efficace sur d&rsquo;autres aspects de l&rsquo;accord.<\/em><\/p>\n<p><em>Vous n&rsquo;\u00eates pas oblig\u00e9 de nous fournir vos donn\u00e9es personnelles. Toutefois, si vous ne nous fournissez pas de donn\u00e9es personnelles ou si vous ne nous en fournissez pas suffisamment, il est possible que nous ne puissions pas mener \u00e0 bien les activit\u00e9s susmentionn\u00e9es. <\/em><\/p>\n<p><strong><em><u>Transfert \u00e0 des tiers<\/u><\/em><\/strong><\/p>\n<p><em>Dans le cadre de l&rsquo;ex\u00e9cution d&rsquo;un \u00e9ventuel accord avec vous, il est possible que nous devions fournir vos donn\u00e9es personnelles \u00e0 des parties qui nous fournissent des pi\u00e8ces, du mat\u00e9riel et des produits ou qui exercent des activit\u00e9s en notre nom. Nous utilisons \u00e9galement un espace serveur externe pour le stockage de (certaines parties de) notre administration des ventes et des achats, dont vos donn\u00e9es personnelles font partie. Vos donn\u00e9es personnelles sont donc fournies \u00e0 notre fournisseur de serveur. Nous utilisons \u00e9galement Microsoft Office et les options de stockage associ\u00e9es pour les courriers \u00e9lectroniques et autres fichiers. <\/em><\/p>\n<p><strong><em><u>Dur\u00e9e de conservation des donn\u00e9es \u00e0 caract\u00e8re personnel<\/u><\/em><\/strong><\/p>\n<p><em>Si vous nous avez demand\u00e9 un devis mais que vous n&rsquo;\u00eates pas devenu client, nous supprimerons vos donn\u00e9es au plus tard un an apr\u00e8s notre dernier contact. M\u00eame si nous avons re\u00e7u une offre de votre part, mais que nous ne sommes pas devenus un de vos clients, vos donn\u00e9es personnelles seront supprim\u00e9es au plus tard un an apr\u00e8s notre dernier contact. Si vous ou nous devenons client, nous conserverons vos donn\u00e9es \u00e0 caract\u00e8re personnel pendant une p\u00e9riode de sept ans apr\u00e8s la fin de l&rsquo;exercice au cours duquel l&rsquo;accord conclu avec vous a \u00e9t\u00e9 pleinement ex\u00e9cut\u00e9. La p\u00e9riode de sept ans correspond \u00e0 la p\u00e9riode pendant laquelle nous sommes tenus de conserver nos dossiers pour les autorit\u00e9s fiscales. Apr\u00e8s cette p\u00e9riode, nous supprimerons vos donn\u00e9es personnelles. <\/em><\/p>\n<p><strong><em><u>Vos droits<\/u><\/em><\/strong><\/p>\n<p><em>Vous avez le droit de nous demander de consulter vos propres donn\u00e9es personnelles. S&rsquo;il y a lieu, vous pouvez \u00e9galement nous demander de compl\u00e9ter vos donn\u00e9es \u00e0 caract\u00e8re personnel ou de modifier toute inexactitude. En outre, vous avez le droit de demander que vos donn\u00e9es personnelles soient supprim\u00e9es ou que l&rsquo;utilisation de vos donn\u00e9es personnelles soit limit\u00e9e. Vous pouvez \u00e9galement vous opposer \u00e0 la collecte et \u00e0 l&rsquo;utilisation de vos donn\u00e9es ou d\u00e9poser une plainte aupr\u00e8s de l&rsquo;autorit\u00e9 n\u00e9erlandaise de protection des donn\u00e9es. Enfin, vous pouvez nous demander d&rsquo;obtenir vos donn\u00e9es personnelles ou de les transf\u00e9rer \u00e0 une autre partie. Pour exercer vos droits, veuillez contacter AMT Group B.V. \/ Rithmeesterpark 11 \/ 4838 GZ Breda \/ 076 &#8211; 5015912 \/ info@amtgroup.nl. Vous pouvez \u00e9galement nous contacter pour toute question ou pour obtenir de plus amples informations sur la collecte et l&rsquo;utilisation de vos donn\u00e9es personnelles. <\/em><\/p>\n<p><strong><em>15-05-2018<\/em><\/strong><\/p>\n<\/div><\/div><\/div><\/div><\/div>\n\n","protected":false},"excerpt":{"rendered":"","protected":false},"author":1,"featured_media":0,"parent":0,"menu_order":0,"comment_status":"closed","ping_status":"closed","template":"100-width.php","meta":{"footnotes":""},"class_list":["post-11301","page","type-page","status-publish","hentry"],"yoast_head":"<!-- This site is optimized with the Yoast SEO plugin v27.5 - https:\/\/yoast.com\/product\/yoast-seo-wordpress\/ -->\n<title>D\u00e9claration de confidentialit\u00e9 - AMT Group<\/title>\n<meta name=\"robots\" content=\"index, follow, max-snippet:-1, max-image-preview:large, max-video-preview:-1\" \/>\n<link rel=\"canonical\" href=\"https:\/\/www.amtgroup.nl\/fr\/declaration-de-confidentialite\/\" \/>\n<meta property=\"og:locale\" content=\"fr_FR\" \/>\n<meta property=\"og:type\" content=\"article\" \/>\n<meta property=\"og:title\" content=\"D\u00e9claration de confidentialit\u00e9 - AMT Group\" \/>\n<meta property=\"og:url\" content=\"https:\/\/www.amtgroup.nl\/fr\/declaration-de-confidentialite\/\" \/>\n<meta property=\"og:site_name\" content=\"AMT Group\" \/>\n<meta property=\"article:publisher\" content=\"https:\/\/www.facebook.com\/amtgroup.nl\/\" \/>\n<meta property=\"article:modified_time\" content=\"2025-11-27T10:44:08+00:00\" \/>\n<meta name=\"twitter:card\" content=\"summary_large_image\" \/>\n<script type=\"application\/ld+json\" class=\"yoast-schema-graph\">{\"@context\":\"https:\\\/\\\/schema.org\",\"@graph\":[{\"@type\":\"WebPage\",\"@id\":\"https:\\\/\\\/www.amtgroup.nl\\\/fr\\\/declaration-de-confidentialite\\\/\",\"url\":\"https:\\\/\\\/www.amtgroup.nl\\\/fr\\\/declaration-de-confidentialite\\\/\",\"name\":\"D\u00e9claration de confidentialit\u00e9 - AMT Group\",\"isPartOf\":{\"@id\":\"https:\\\/\\\/www.amtgroup.nl\\\/fr\\\/#website\"},\"datePublished\":\"2021-01-31T14:20:15+00:00\",\"dateModified\":\"2025-11-27T10:44:08+00:00\",\"breadcrumb\":{\"@id\":\"https:\\\/\\\/www.amtgroup.nl\\\/fr\\\/declaration-de-confidentialite\\\/#breadcrumb\"},\"inLanguage\":\"fr-FR\",\"potentialAction\":[{\"@type\":\"ReadAction\",\"target\":[\"https:\\\/\\\/www.amtgroup.nl\\\/fr\\\/declaration-de-confidentialite\\\/\"]}]},{\"@type\":\"BreadcrumbList\",\"@id\":\"https:\\\/\\\/www.amtgroup.nl\\\/fr\\\/declaration-de-confidentialite\\\/#breadcrumb\",\"itemListElement\":[{\"@type\":\"ListItem\",\"position\":1,\"name\":\"Home\",\"item\":\"https:\\\/\\\/www.amtgroup.nl\\\/fr\\\/domicile\\\/\"},{\"@type\":\"ListItem\",\"position\":2,\"name\":\"D\u00e9claration de confidentialit\u00e9\"}]},{\"@type\":\"WebSite\",\"@id\":\"https:\\\/\\\/www.amtgroup.nl\\\/fr\\\/#website\",\"url\":\"https:\\\/\\\/www.amtgroup.nl\\\/fr\\\/\",\"name\":\"AMT Group\",\"description\":\"Een modern productiebedrijf\",\"potentialAction\":[{\"@type\":\"SearchAction\",\"target\":{\"@type\":\"EntryPoint\",\"urlTemplate\":\"https:\\\/\\\/www.amtgroup.nl\\\/fr\\\/?s={search_term_string}\"},\"query-input\":{\"@type\":\"PropertyValueSpecification\",\"valueRequired\":true,\"valueName\":\"search_term_string\"}}],\"inLanguage\":\"fr-FR\"}]}<\/script>\n<!-- \/ Yoast SEO plugin. -->","yoast_head_json":{"title":"D\u00e9claration de confidentialit\u00e9 - AMT Group","robots":{"index":"index","follow":"follow","max-snippet":"max-snippet:-1","max-image-preview":"max-image-preview:large","max-video-preview":"max-video-preview:-1"},"canonical":"https:\/\/www.amtgroup.nl\/fr\/declaration-de-confidentialite\/","og_locale":"fr_FR","og_type":"article","og_title":"D\u00e9claration de confidentialit\u00e9 - AMT Group","og_url":"https:\/\/www.amtgroup.nl\/fr\/declaration-de-confidentialite\/","og_site_name":"AMT Group","article_publisher":"https:\/\/www.facebook.com\/amtgroup.nl\/","article_modified_time":"2025-11-27T10:44:08+00:00","twitter_card":"summary_large_image","schema":{"@context":"https:\/\/schema.org","@graph":[{"@type":"WebPage","@id":"https:\/\/www.amtgroup.nl\/fr\/declaration-de-confidentialite\/","url":"https:\/\/www.amtgroup.nl\/fr\/declaration-de-confidentialite\/","name":"D\u00e9claration de confidentialit\u00e9 - AMT Group","isPartOf":{"@id":"https:\/\/www.amtgroup.nl\/fr\/#website"},"datePublished":"2021-01-31T14:20:15+00:00","dateModified":"2025-11-27T10:44:08+00:00","breadcrumb":{"@id":"https:\/\/www.amtgroup.nl\/fr\/declaration-de-confidentialite\/#breadcrumb"},"inLanguage":"fr-FR","potentialAction":[{"@type":"ReadAction","target":["https:\/\/www.amtgroup.nl\/fr\/declaration-de-confidentialite\/"]}]},{"@type":"BreadcrumbList","@id":"https:\/\/www.amtgroup.nl\/fr\/declaration-de-confidentialite\/#breadcrumb","itemListElement":[{"@type":"ListItem","position":1,"name":"Home","item":"https:\/\/www.amtgroup.nl\/fr\/domicile\/"},{"@type":"ListItem","position":2,"name":"D\u00e9claration de confidentialit\u00e9"}]},{"@type":"WebSite","@id":"https:\/\/www.amtgroup.nl\/fr\/#website","url":"https:\/\/www.amtgroup.nl\/fr\/","name":"AMT Group","description":"Een modern productiebedrijf","potentialAction":[{"@type":"SearchAction","target":{"@type":"EntryPoint","urlTemplate":"https:\/\/www.amtgroup.nl\/fr\/?s={search_term_string}"},"query-input":{"@type":"PropertyValueSpecification","valueRequired":true,"valueName":"search_term_string"}}],"inLanguage":"fr-FR"}]}},"_links":{"self":[{"href":"https:\/\/www.amtgroup.nl\/fr\/wp-json\/wp\/v2\/pages\/11301","targetHints":{"allow":["GET"]}}],"collection":[{"href":"https:\/\/www.amtgroup.nl\/fr\/wp-json\/wp\/v2\/pages"}],"about":[{"href":"https:\/\/www.amtgroup.nl\/fr\/wp-json\/wp\/v2\/types\/page"}],"author":[{"embeddable":true,"href":"https:\/\/www.amtgroup.nl\/fr\/wp-json\/wp\/v2\/users\/1"}],"replies":[{"embeddable":true,"href":"https:\/\/www.amtgroup.nl\/fr\/wp-json\/wp\/v2\/comments?post=11301"}],"version-history":[{"count":5,"href":"https:\/\/www.amtgroup.nl\/fr\/wp-json\/wp\/v2\/pages\/11301\/revisions"}],"predecessor-version":[{"id":20930,"href":"https:\/\/www.amtgroup.nl\/fr\/wp-json\/wp\/v2\/pages\/11301\/revisions\/20930"}],"wp:attachment":[{"href":"https:\/\/www.amtgroup.nl\/fr\/wp-json\/wp\/v2\/media?parent=11301"}],"curies":[{"name":"wp","href":"https:\/\/api.w.org\/{rel}","templated":true}]}}